{"id":3780,"date":"2024-08-07T16:48:13","date_gmt":"2024-08-08T02:48:13","guid":{"rendered":"https:\/\/international.upf.pf\/?page_id=3780"},"modified":"2025-09-30T15:11:40","modified_gmt":"2025-10-01T01:11:40","slug":"enseignant-chercheurs","status":"publish","type":"page","link":"https:\/\/international.upf.pf\/en\/venir-a-lupf\/enseignant-chercheurs\/","title":{"rendered":"Teacher-researchers"},"content":{"rendered":"<!--themify_builder_content-->\n<div id=\"themify_builder_content-3780\" data-postid=\"3780\" class=\"themify_builder_content themify_builder_content-3780 themify_builder tf_clear\">\n                    <div  data-lazy=\"1\" class=\"module_row themify_builder_row breadcrumbs-over-image tb_wxmx565 tb_first tf_w\">\n                        <div class=\"row_inner col_align_top tb_col_count_1 tf_box tf_rel\">\n                        <div  data-lazy=\"1\" class=\"module_column tb-column col-full tb_a7f8565 first\">\n                    <!-- module template_part -->\n<div  class=\"module module-layout-part tb_0oq4565 \">\n    <div class=\"tb_layout_part_wrap tf_w\"><!--themify_builder_content-->\n    <div  class=\"themify_builder_content themify_builder_content-3962 themify_builder not_editable_builder in_the_loop\" data-postid=\"3962\">\n                        <div  data-lazy=\"1\" class=\"module_row themify_builder_row tb_zyhm70 tf_w\">\n                        <div class=\"row_inner col_align_top tb_col_count_1 tf_box tf_rel\">\n                        <div  data-lazy=\"1\" class=\"module_column tb-column col-full tb_7mpd70 first\">\n                    <!-- Breadcrumbs module -->\n<div  class=\"module module-breadcrumbs tb_c82970 breadcrumbs-upf\" data-lazy=\"1\">\n\t<nav role=\"navigation\" aria-label=\"Breadcrumbs\" class=\"tbp_breadcrumb_trail\"><ul class=\"tbp_trail_items\" itemscope itemtype=\"http:\/\/schema.org\/BreadcrumbList\"><meta name=\"numberOfItems\" content=\"1\" \/><meta name=\"itemListOrder\" content=\"Ascending\" \/><li itemprop=\"itemListElement\" itemscope itemtype=\"https:\/\/schema.org\/ListItem\" class=\"tbp_trail_item tbp_trail_end\"><a itemprop=\"item\" href=\"https:\/\/international.upf.pf\/en\/\" rel=\"home\"><span itemprop=\"name\">Accueil<\/span><\/a><meta itemprop=\"position\" content=\"1\" \/><\/li><\/ul><\/nav><\/div><!-- \/Breadcrumbs module -->\n        <\/div>\n                        <\/div>\n        <\/div>\n            <\/div>\n<!--\/themify_builder_content--><\/div>\n<\/div>\n<!-- \/module template_part -->        <\/div>\n                        <\/div>\n        <\/div>\n                        <div  data-lazy=\"1\" class=\"module_row themify_builder_row tb_toft543 tf_w\">\n                        <div class=\"row_inner col_align_top tb_col_count_2 tf_box tf_rel\">\n                        <div  data-lazy=\"1\" class=\"module_column tb-column col4-2 tb_au4s543 first\">\n                    <!-- module image -->\n<div  class=\"module module-image tb_wh7n912 image-top   tf_mw\" data-lazy=\"1\">\n        <div class=\"image-wrap tf_rel tf_mw\">\n            <img decoding=\"async\" width=\"872\" height=\"470\" src=\"https:\/\/international.upf.pf\/wp-content\/uploads\/2024\/06\/enseignant-chercheurs.jpg\" class=\"wp-post-image wp-image-2210\" title=\"enseignant-chercheurs\" alt=\"enseignant-chercheurs\">    \n        <\/div>\n    <!-- \/image-wrap -->\n    \n        <\/div>\n<!-- \/module image -->        <\/div>\n                    <div  data-lazy=\"1\" class=\"module_column tb-column col4-2 tb_d8ru330 last\">\n                    <!-- module text -->\n<div  class=\"module module-text tb_jnuy328   \" data-lazy=\"1\">\n        <div  class=\"tb_text_wrap\">\n        <p>Whether you are a teacher-researcher or a visiting researcher, we can help you complete the main administrative formalities before your arrival and throughout your stay in French Polynesia.<\/p>\n<p>Finding accommodation in Tahiti can be complicated by the lack of available housing and the cost of living. We advise you to start your search as soon as possible, and not to wait to contact us if you have any questions.<\/p>\n<p>Contact UPF&#8217;s International Relations Service to find out about possible options for international researchers.<\/p>    <\/div>\n<\/div>\n<!-- \/module text --><!-- module text -->\n<div  class=\"module module-text tb_u742954   \" data-lazy=\"1\">\n        <div  class=\"tb_text_wrap\">\n        <h4>Some ideas for accommodation for international researchers near the Campus:<\/h4>\n<ul>\n<li>UPF International Residence<\/li>\n<li>Lyc\u00e9e H\u00f4telier: H\u00f4tel Tiare<\/li>\n<li>Intercontinental Tahiti Resort<\/li>\n<li>Te Moana Hotel<\/li>\n<li>Kon Tiki Hotel<\/li>\n<\/ul>\n<p>*This list is not exhaustive, and does not constitute a promotion, partnership or guarantee of availability.<\/p>    <\/div>\n<\/div>\n<!-- \/module text --><!-- module buttons -->\n<div  class=\"module module-buttons tb_ichu707 buttons-horizontal solid  \" data-lazy=\"1\">\n        <div class=\"module-buttons-item tf_in_flx\">\n                        <a href=\"https:\/\/international.upf.pf\/wp-content\/uploads\/2024\/04\/Fiche-navette-mission-personnel-non-upf_.xlsx\" class=\"ui builder_button tf_in_flx tb_default_color\" target=\"_blank\" rel=\"noopener\">\n                                    <em><svg  class=\"tf_fa tf-far-file-pdf\" aria-hidden=\"true\"><use href=\"#tf-far-file-pdf\"><\/use><\/svg><\/em>                                        Fiche navette personnel non UPF                                        <\/a>\n                <\/div>\n            <\/div>\n<!-- \/module buttons -->\n        <\/div>\n                        <\/div>\n        <\/div>\n                        <div  data-lazy=\"1\" class=\"module_row themify_builder_row tb_m143168 tf_w\">\n                        <div class=\"row_inner col_align_top tb_col_count_1 tf_box tf_rel\">\n                        <div  data-lazy=\"1\" class=\"module_column tb-column col-full tb_amxy168 first\">\n                    <!-- module template_part -->\n<div  class=\"module module-layout-part tb_6hw692 \">\n    <div class=\"tb_layout_part_wrap tf_w\"><!--themify_builder_content-->\n    <div  class=\"themify_builder_content themify_builder_content-3927 themify_builder not_editable_builder in_the_loop\" data-postid=\"3927\">\n                        <div  data-lazy=\"1\" class=\"module_row themify_builder_row tb_sdsc004 tf_w\">\n                        <div class=\"row_inner col_align_top tb_col_count_1 tf_box tf_rel\">\n                        <div  data-lazy=\"1\" class=\"module_column tb-column col-full tb_zs5j205 first\">\n                    <!-- module divider -->\n<div  class=\"module tf_mw module-divider tb_ia5m958 solid  divider-custom divider-center\" style=\"border-width: 1px;border-color: #0064a5;margin-top: 38px;margin-bottom: 40px;max-width: 1000px;\" data-lazy=\"1\">\n    <\/div>\n<!-- \/module divider -->\n<!-- module text -->\n<div  class=\"module module-text tb_mffp789   \" data-lazy=\"1\">\n        <div  class=\"tb_text_wrap\">\n        <p id=\"pages-connexes\" class=\"tb_toc_el\" data-is-set=\"true\">YOU ARE :<\/p>    <\/div>\n<\/div>\n<!-- \/module text -->        <\/div>\n                        <\/div>\n        <\/div>\n            <\/div>\n<!--\/themify_builder_content--><\/div>\n<\/div>\n<!-- \/module template_part --><div  class=\"module themify_builder_slider_wrap tf_clearfix module-slider tb_mpv8168  slider-default themify_builder_slider_vertical \" data-lazy=\"1\">\n        <div class=\"themify_builder_slider tf_carousel tf_swiper-container tf_rel tf_overflow\" data-lazy=\"1\"        data-visible=\"3\"\n        data-tab-visible=\"2\"\n        data-mob-visible=\"2\"\n        data-scroll=\"1\"\n                    data-nav_out=\"1\"\n                            data-auto=\"9000\"\n            data-controller=\"0\"\n            data-pause_hover=\"1\"\n                data-speed=\"1\"\n        data-wrapvar=\"1\"\n        data-slider_nav=\"1\"\n        data-pager=\"1\"\n        data-effect=\"scroll\" \n        data-height=\"variable\"\n        data-css_url=\"https:\/\/international.upf.pf\/wp-content\/themes\/themify-ultra\/themify\/themify-builder\/css\/modules\/sliders\/carousel,https:\/\/international.upf.pf\/wp-content\/themes\/themify-ultra\/themify\/themify-builder\/css\/modules\/sliders\/slider\"\n                    >\n        <div class=\"tf_swiper-wrapper tf_lazy tf_rel tf_w tf_h tf_textc\">\n                         <div class=\"tf_swiper-slide\">            <div class=\"slide-inner-wrap\" style=\"margin-left:15px;margin-right:15px;\">\n                                    <div class=\"tf_rel tf_lazy slide-image\">\n                                                                            <a href=\"https:\/\/international.upf.pf\/en\/venir-a-lupf\/etudiants-internationaux\/\" >\n                                <img decoding=\"async\" width=\"3840\" height=\"2160\" src=\"https:\/\/international.upf.pf\/wp-content\/uploads\/2024\/04\/etudiants-internationaux-2.jpg\" class=\"wp-post-image wp-image-1414\" title=\"etudiants-internationaux-2\" alt=\"International students\" srcset=\"https:\/\/international.upf.pf\/wp-content\/uploads\/2024\/04\/etudiants-internationaux-2.jpg 3840w, https:\/\/international.upf.pf\/wp-content\/uploads\/2024\/04\/etudiants-internationaux-2-300x169.jpg 300w, https:\/\/international.upf.pf\/wp-content\/uploads\/2024\/04\/etudiants-internationaux-2-1024x576.jpg 1024w, https:\/\/international.upf.pf\/wp-content\/uploads\/2024\/04\/etudiants-internationaux-2-768x432.jpg 768w, https:\/\/international.upf.pf\/wp-content\/uploads\/2024\/04\/etudiants-internationaux-2-1536x864.jpg 1536w, https:\/\/international.upf.pf\/wp-content\/uploads\/2024\/04\/etudiants-internationaux-2-2048x1152.jpg 2048w\" sizes=\"(max-width: 3840px) 100vw, 3840px\" \/>                            <\/a>\n                                            <\/div>\n                \n                                    <div class=\"slide-content tb_text_wrap\">\n                                                                                <h4 class=\"slide-title\">\n                                                                    <a href=\"https:\/\/international.upf.pf\/en\/venir-a-lupf\/etudiants-internationaux\/\">International students<\/a>\n                                                            <\/h4>\n                        \n                                            <\/div>\n                            <\/div>\n        <\/div>                     <div class=\"tf_swiper-slide\">            <div class=\"slide-inner-wrap\" style=\"margin-left:15px;margin-right:15px;\">\n                                    <div class=\"tf_rel tf_lazy slide-image\">\n                                                                            <a href=\"https:\/\/international.upf.pf\/en\/venir-a-lupf\/doctorants-internationaux\/\" >\n                                <img decoding=\"async\" width=\"3840\" height=\"2160\" src=\"https:\/\/international.upf.pf\/wp-content\/uploads\/2024\/04\/doctorants-internationaux.jpg\" class=\"wp-post-image wp-image-1148\" title=\"doctorants-internationaux\" alt=\"International PhD students\" srcset=\"https:\/\/international.upf.pf\/wp-content\/uploads\/2024\/04\/doctorants-internationaux.jpg 3840w, https:\/\/international.upf.pf\/wp-content\/uploads\/2024\/04\/doctorants-internationaux-300x169.jpg 300w, https:\/\/international.upf.pf\/wp-content\/uploads\/2024\/04\/doctorants-internationaux-1024x576.jpg 1024w, https:\/\/international.upf.pf\/wp-content\/uploads\/2024\/04\/doctorants-internationaux-768x432.jpg 768w, https:\/\/international.upf.pf\/wp-content\/uploads\/2024\/04\/doctorants-internationaux-1536x864.jpg 1536w, https:\/\/international.upf.pf\/wp-content\/uploads\/2024\/04\/doctorants-internationaux-2048x1152.jpg 2048w\" sizes=\"(max-width: 3840px) 100vw, 3840px\" \/>                            <\/a>\n                                            <\/div>\n                \n                                    <div class=\"slide-content tb_text_wrap\">\n                                                                                <h4 class=\"slide-title\">\n                                                                    <a href=\"https:\/\/international.upf.pf\/en\/venir-a-lupf\/doctorants-internationaux\/\">International PhD students<\/a>\n                                                            <\/h4>\n                        \n                                            <\/div>\n                            <\/div>\n        <\/div>                     <div class=\"tf_swiper-slide\">            <div class=\"slide-inner-wrap\" style=\"margin-left:15px;margin-right:15px;\">\n                                    <div class=\"tf_rel tf_lazy slide-image\">\n                                                                            <a href=\"https:\/\/international.upf.pf\/en\/venir-a-lupf\/enseignants-et-personnels-internationaux\/\" >\n                                <img decoding=\"async\" width=\"1920\" height=\"1080\" src=\"https:\/\/international.upf.pf\/wp-content\/uploads\/2024\/04\/enseignants-personnels-internationaux.jpg\" class=\"wp-post-image wp-image-1150\" title=\"enseignants-personnels-internationaux\" alt=\"International teachers and staff\" srcset=\"https:\/\/international.upf.pf\/wp-content\/uploads\/2024\/04\/enseignants-personnels-internationaux.jpg 1920w, https:\/\/international.upf.pf\/wp-content\/uploads\/2024\/04\/enseignants-personnels-internationaux-300x169.jpg 300w, https:\/\/international.upf.pf\/wp-content\/uploads\/2024\/04\/enseignants-personnels-internationaux-1024x576.jpg 1024w, https:\/\/international.upf.pf\/wp-content\/uploads\/2024\/04\/enseignants-personnels-internationaux-768x432.jpg 768w, https:\/\/international.upf.pf\/wp-content\/uploads\/2024\/04\/enseignants-personnels-internationaux-1536x864.jpg 1536w\" sizes=\"(max-width: 1920px) 100vw, 1920px\" \/>                            <\/a>\n                                            <\/div>\n                \n                                    <div class=\"slide-content tb_text_wrap\">\n                                                                                <h4 class=\"slide-title\">\n                                                                    <a href=\"https:\/\/international.upf.pf\/en\/venir-a-lupf\/enseignants-et-personnels-internationaux\/\">International teachers and staff<\/a>\n                                                            <\/h4>\n                        \n                                            <\/div>\n                            <\/div>\n        <\/div>            <\/div>\n    <\/div>\n<\/div>\n        <\/div>\n                        <\/div>\n        <\/div>\n        <\/div>\n<!--\/themify_builder_content-->","protected":false},"excerpt":{"rendered":"<p>Whether you are a teacher-researcher or a visiting researcher, we can help you complete the main administrative formalities before your arrival and throughout your stay in French Polynesia. Finding accommodation in Tahiti can be complicated by the lack of available housing and the cost of living. We advise you to start your search as soon [&hellip;]<\/p>\n","protected":false},"author":1,"featured_media":1149,"parent":3796,"menu_order":0,"comment_status":"closed","ping_status":"closed","template":"","meta":{"footnotes":""},"class_list":["post-3780","page","type-page","status-publish","has-post-thumbnail","hentry","has-post-title","has-post-date","has-post-category","has-post-tag","has-post-comment","has-post-author",""],"aioseo_notices":[],"builder_content":"<img src=\"https:\/\/international.upf.pf\/wp-content\/uploads\/2024\/06\/enseignant-chercheurs.jpg\" title=\"enseignant-chercheurs\" alt=\"enseignant-chercheurs\">\n<p>Whether you are a teacher-researcher or a visiting researcher, we can help you complete the main administrative formalities before your arrival and throughout your stay in French Polynesia.<\/p> <p>Finding accommodation in Tahiti can be complicated by the lack of available housing and the cost of living. We advise you to start your search as soon as possible, and not to wait to contact us if you have any questions.<\/p> <p>Contact UPF's International Relations Service to find out about possible options for international researchers.<\/p>\n<h4>Some ideas for accommodation for international researchers near the Campus:<\/h4> <ul> <li>UPF International Residence<\/li> <li>Lyc\u00e9e H\u00f4telier: H\u00f4tel Tiare<\/li> <li>Intercontinental Tahiti Resort<\/li> <li>Te Moana Hotel<\/li> <li>Kon Tiki Hotel<\/li> <\/ul> <p>*This list is not exhaustive, and does not constitute a promotion, partnership or guarantee of availability.<\/p>\n<a href=\"https:\/\/international.upf.pf\/wp-content\/uploads\/2024\/04\/Fiche-navette-mission-personnel-non-upf_.xlsx\" target=\"_blank\" rel=\"noopener\"> <em><svg aria-hidden=\"true\"><use href=\"#tf-far-file-pdf\"><\/use><\/svg><\/em> Fiche navette personnel non UPF <\/a>\n<a href=\"https:\/\/international.upf.pf\/en\/venir-a-lupf\/etudiants-internationaux\/\" > <img src=\"https:\/\/international.upf.pf\/wp-content\/uploads\/2024\/04\/etudiants-internationaux-2.jpg\" title=\"etudiants-internationaux-2\" alt=\"International students\" srcset=\"https:\/\/international.upf.pf\/wp-content\/uploads\/2024\/04\/etudiants-internationaux-2.jpg 3840w, https:\/\/international.upf.pf\/wp-content\/uploads\/2024\/04\/etudiants-internationaux-2-300x169.jpg 300w, https:\/\/international.upf.pf\/wp-content\/uploads\/2024\/04\/etudiants-internationaux-2-1024x576.jpg 1024w, https:\/\/international.upf.pf\/wp-content\/uploads\/2024\/04\/etudiants-internationaux-2-768x432.jpg 768w, https:\/\/international.upf.pf\/wp-content\/uploads\/2024\/04\/etudiants-internationaux-2-1536x864.jpg 1536w, https:\/\/international.upf.pf\/wp-content\/uploads\/2024\/04\/etudiants-internationaux-2-2048x1152.jpg 2048w\" sizes=\"(max-width: 3840px) 100vw, 3840px\" \/> <\/a> <h4> <a href=\"https:\/\/international.upf.pf\/en\/venir-a-lupf\/etudiants-internationaux\/\">International students<\/a> <\/h4> <a href=\"https:\/\/international.upf.pf\/en\/venir-a-lupf\/doctorants-internationaux\/\" > <img src=\"https:\/\/international.upf.pf\/wp-content\/uploads\/2024\/04\/doctorants-internationaux.jpg\" title=\"doctorants-internationaux\" alt=\"International PhD students\" srcset=\"https:\/\/international.upf.pf\/wp-content\/uploads\/2024\/04\/doctorants-internationaux.jpg 3840w, https:\/\/international.upf.pf\/wp-content\/uploads\/2024\/04\/doctorants-internationaux-300x169.jpg 300w, https:\/\/international.upf.pf\/wp-content\/uploads\/2024\/04\/doctorants-internationaux-1024x576.jpg 1024w, https:\/\/international.upf.pf\/wp-content\/uploads\/2024\/04\/doctorants-internationaux-768x432.jpg 768w, https:\/\/international.upf.pf\/wp-content\/uploads\/2024\/04\/doctorants-internationaux-1536x864.jpg 1536w, https:\/\/international.upf.pf\/wp-content\/uploads\/2024\/04\/doctorants-internationaux-2048x1152.jpg 2048w\" sizes=\"(max-width: 3840px) 100vw, 3840px\" \/> <\/a> <h4> <a href=\"https:\/\/international.upf.pf\/en\/venir-a-lupf\/doctorants-internationaux\/\">International PhD students<\/a> <\/h4> <a href=\"https:\/\/international.upf.pf\/en\/venir-a-lupf\/enseignants-et-personnels-internationaux\/\" > <img src=\"https:\/\/international.upf.pf\/wp-content\/uploads\/2024\/04\/enseignants-personnels-internationaux.jpg\" title=\"enseignants-personnels-internationaux\" alt=\"International teachers and staff\" srcset=\"https:\/\/international.upf.pf\/wp-content\/uploads\/2024\/04\/enseignants-personnels-internationaux.jpg 1920w, https:\/\/international.upf.pf\/wp-content\/uploads\/2024\/04\/enseignants-personnels-internationaux-300x169.jpg 300w, https:\/\/international.upf.pf\/wp-content\/uploads\/2024\/04\/enseignants-personnels-internationaux-1024x576.jpg 1024w, https:\/\/international.upf.pf\/wp-content\/uploads\/2024\/04\/enseignants-personnels-internationaux-768x432.jpg 768w, https:\/\/international.upf.pf\/wp-content\/uploads\/2024\/04\/enseignants-personnels-internationaux-1536x864.jpg 1536w\" sizes=\"(max-width: 1920px) 100vw, 1920px\" \/> <\/a> <h4> <a href=\"https:\/\/international.upf.pf\/en\/venir-a-lupf\/enseignants-et-personnels-internationaux\/\">International teachers and staff<\/a> <\/h4>","_links":{"self":[{"href":"https:\/\/international.upf.pf\/en\/wp-json\/wp\/v2\/pages\/3780","targetHints":{"allow":["GET"]}}],"collection":[{"href":"https:\/\/international.upf.pf\/en\/wp-json\/wp\/v2\/pages"}],"about":[{"href":"https:\/\/international.upf.pf\/en\/wp-json\/wp\/v2\/types\/page"}],"author":[{"embeddable":true,"href":"https:\/\/international.upf.pf\/en\/wp-json\/wp\/v2\/users\/1"}],"replies":[{"embeddable":true,"href":"https:\/\/international.upf.pf\/en\/wp-json\/wp\/v2\/comments?post=3780"}],"version-history":[{"count":12,"href":"https:\/\/international.upf.pf\/en\/wp-json\/wp\/v2\/pages\/3780\/revisions"}],"predecessor-version":[{"id":7277,"href":"https:\/\/international.upf.pf\/en\/wp-json\/wp\/v2\/pages\/3780\/revisions\/7277"}],"up":[{"embeddable":true,"href":"https:\/\/international.upf.pf\/en\/wp-json\/wp\/v2\/pages\/3796"}],"wp:featuredmedia":[{"embeddable":true,"href":"https:\/\/international.upf.pf\/en\/wp-json\/wp\/v2\/media\/1149"}],"wp:attachment":[{"href":"https:\/\/international.upf.pf\/en\/wp-json\/wp\/v2\/media?parent=3780"}],"curies":[{"name":"wp","href":"https:\/\/api.w.org\/{rel}","templated":true}]}}