{"id":3815,"date":"2024-06-27T16:46:43","date_gmt":"2024-06-28T02:46:43","guid":{"rendered":"https:\/\/international.upf.pf\/?page_id=3815"},"modified":"2025-09-23T16:00:33","modified_gmt":"2025-09-24T02:00:33","slug":"mentions-legales","status":"publish","type":"page","link":"https:\/\/international.upf.pf\/en\/mentions-legales\/","title":{"rendered":"Legal Notices"},"content":{"rendered":"<!--themify_builder_content-->\n<div id=\"themify_builder_content-3815\" data-postid=\"3815\" class=\"themify_builder_content themify_builder_content-3815 themify_builder tf_clear\">\n                    <div  data-lazy=\"1\" class=\"module_row themify_builder_row tb_7abe536 tb_first tf_w\">\n                        <div class=\"row_inner col_align_top tb_col_count_1 tf_box tf_rel\">\n                        <div  data-lazy=\"1\" class=\"module_column tb-column col-full tb_j6q1537 first\">\n                    <!-- module text -->\n<div  class=\"module module-text tb_hmaw933   \" data-lazy=\"1\">\n        <div  class=\"tb_text_wrap\">\n        <h3 style=\"text-align: center;\"><strong>Mentions L\u00e9gales pour le site internet international.upf.pf<\/strong><\/h3>\n<p><strong>Derni\u00e8re mise \u00e0 jour : [ins\u00e9rer la date de la derni\u00e8re mise \u00e0 jour]<\/strong><\/p>\n<h3><strong>1. \u00c9diteur du site<\/strong><\/h3>\n<p>Le site internet international.upf.pf (ci-apr\u00e8s d\u00e9nomm\u00e9 le &#8220;Site&#8221;) est \u00e9dit\u00e9 par :<\/p>\n<p>Universit\u00e9 de la Polyn\u00e9sie Fran\u00e7aise (UPF) <br>Adresse : [ins\u00e9rer l&#8217;adresse postale de l&#8217;UPF] <br>T\u00e9l\u00e9phone : [ins\u00e9rer le num\u00e9ro de t\u00e9l\u00e9phone de l&#8217;UPF] <br>Adresse e-mail : [ins\u00e9rer l&#8217;adresse e-mail de contact]<\/p>\n<p>Conception graphique et d\u00e9veloppements : <a href=\"https:\/\/www.redsoyu.com\" target=\"_blank\" rel=\"noopener\">Agence de communication REDSOYU<\/a><\/p>\n<h3><strong>2. Directeur de la publication<\/strong><\/h3>\n<p>Le directeur de la publication est :<\/p>\n<p>[Nom du directeur de la publication] <br>Titre : [titre ou fonction du directeur de la publication]<br>Adresse e-mail : [ins\u00e9rer l&#8217;adresse e-mail du directeur de la publication]<\/p>\n<h3><strong>3. H\u00e9bergeur du site<\/strong><\/h3>\n<p>Le Site est h\u00e9berg\u00e9 par :<\/p>\n<p>[Nom de l&#8217;h\u00e9bergeur] <br>Adresse : [ins\u00e9rer l&#8217;adresse de l&#8217;h\u00e9bergeur] <br>T\u00e9l\u00e9phone : [ins\u00e9rer le num\u00e9ro de t\u00e9l\u00e9phone de l&#8217;h\u00e9bergeur] <br>Adresse e-mail : [ins\u00e9rer l&#8217;adresse e-mail de l&#8217;h\u00e9bergeur]<\/p>\n<h3><strong>4. Propri\u00e9t\u00e9 intellectuelle<\/strong><\/h3>\n<p>L\u2019ensemble des contenus (textes, images, vid\u00e9os, logos, etc.) pr\u00e9sent\u00e9s sur le Site sont prot\u00e9g\u00e9s par les lois en vigueur sur la propri\u00e9t\u00e9 intellectuelle et sont la propri\u00e9t\u00e9 exclusive de l&#8217;UPF ou de ses partenaires. Toute reproduction, distribution, modification, adaptation, retransmission ou publication de ces contenus, m\u00eame partielle, est strictement interdite sans l\u2019accord pr\u00e9alable par \u00e9crit de l&#8217;UPF.<\/p>\n<h3><strong>5. Donn\u00e9es personnelles<\/strong><\/h3>\n<p>Pour plus d\u2019informations sur la mani\u00e8re dont nous traitons vos donn\u00e9es personnelles, veuillez consulter notre<a style=\"font-weight: bold;\" href=\"https:\/\/international.upf.pf\/politique-de-confidentialite\/\"> Politique de confidentialit\u00e9<\/a>.<\/p>\n<h3><strong>6. Cookies<\/strong><\/h3>\n<p>Le Site utilise des cookies pour am\u00e9liorer votre exp\u00e9rience utilisateur. Pour en savoir plus sur l\u2019utilisation des cookies et sur la mani\u00e8re de les d\u00e9sactiver, veuillez consulter notre <a style=\"font-weight: bold;\" href=\"https:\/\/international.upf.pf\/politique-de-confidentialite\/\">Politique de confidentialit\u00e9<\/a>.<\/p>\n<h3><strong>7. Liens hypertextes<\/strong><\/h3>\n<p>Le Site peut contenir des liens hypertextes vers d\u2019autres sites web. L&#8217;UPF ne peut \u00eatre tenue responsable du contenu de ces sites tiers ni des pratiques de confidentialit\u00e9 de ces derniers.<\/p>\n<h3><strong>8. Responsabilit\u00e9<\/strong><\/h3>\n<p>L&#8217;UPF met tout en \u0153uvre pour offrir aux utilisateurs des informations et des outils disponibles et v\u00e9rifi\u00e9s, mais ne saurait \u00eatre tenue pour responsable des erreurs, d\u2019une absence de disponibilit\u00e9 des fonctionnalit\u00e9s ou de la pr\u00e9sence de virus sur son Site. L&#8217;UPF ne peut \u00eatre tenue responsable de tout dommage direct ou indirect r\u00e9sultant de l\u2019utilisation de ce Site ou de l\u2019impossibilit\u00e9 d\u2019y acc\u00e9der.<\/p>\n<h3><strong>9. Modification des mentions l\u00e9gales<\/strong><\/h3>\n<p>L&#8217;UPF se r\u00e9serve le droit de modifier les pr\u00e9sentes mentions l\u00e9gales \u00e0 tout moment. Les modifications prendront effet d\u00e8s leur publication sur le Site. Il est conseill\u00e9 de consulter r\u00e9guli\u00e8rement cette page pour prendre connaissance des \u00e9ventuelles mises \u00e0 jour.<\/p>\n<h3><strong>10. Droit applicable<\/strong><\/h3>\n<p>Les pr\u00e9sentes mentions l\u00e9gales sont r\u00e9gies par le droit fran\u00e7ais. Tout litige relatif \u00e0 leur interpr\u00e9tation et\/ou \u00e0 leur ex\u00e9cution rel\u00e8ve des tribunaux fran\u00e7ais.<\/p>\n<h3><strong>11. Nous contacter<\/strong><\/h3>\n<p>Pour toute question relative \u00e0 ces mentions l\u00e9gales, vous pouvez nous contacter \u00e0 l&#8217;adresse suivante :<\/p>\n<p>Universit\u00e9 de la Polyn\u00e9sie Fran\u00e7aise (UPF) <br>Adresse : [ins\u00e9rer l&#8217;adresse postale de l&#8217;UPF] <br>T\u00e9l\u00e9phone : [ins\u00e9rer le num\u00e9ro de t\u00e9l\u00e9phone de l&#8217;UPF] <br>Adresse e-mail : [ins\u00e9rer l&#8217;adresse e-mail de contact]<\/p>\n<p>\u00a0<\/p>    <\/div>\n<\/div>\n<!-- \/module text -->        <\/div>\n                        <\/div>\n        <\/div>\n        <\/div>\n<!--\/themify_builder_content-->","protected":false},"excerpt":{"rendered":"<p>Mentions L\u00e9gales pour le site internet international.upf.pf Derni\u00e8re mise \u00e0 jour : [ins\u00e9rer la date de la derni\u00e8re mise \u00e0 jour] 1. \u00c9diteur du site Le site internet international.upf.pf (ci-apr\u00e8s d\u00e9nomm\u00e9 le &#8220;Site&#8221;) est \u00e9dit\u00e9 par : Universit\u00e9 de la Polyn\u00e9sie Fran\u00e7aise (UPF) Adresse : [ins\u00e9rer l&#8217;adresse postale de l&#8217;UPF] T\u00e9l\u00e9phone : [ins\u00e9rer le num\u00e9ro [&hellip;]<\/p>\n","protected":false},"author":1,"featured_media":0,"parent":0,"menu_order":0,"comment_status":"closed","ping_status":"closed","template":"","meta":{"footnotes":""},"class_list":["post-3815","page","type-page","status-publish","hentry","has-post-title","has-post-date","has-post-category","has-post-tag","has-post-comment","has-post-author",""],"aioseo_notices":[],"builder_content":"<h3 style=\"text-align: center;\"><strong>Mentions L\u00e9gales pour le site internet international.upf.pf<\/strong><\/h3> <p><strong>Derni\u00e8re mise \u00e0 jour : [ins\u00e9rer la date de la derni\u00e8re mise \u00e0 jour]<\/strong><\/p> <h3><strong>1. \u00c9diteur du site<\/strong><\/h3> <p>Le site internet international.upf.pf (ci-apr\u00e8s d\u00e9nomm\u00e9 le \"Site\") est \u00e9dit\u00e9 par :<\/p> <p>Universit\u00e9 de la Polyn\u00e9sie Fran\u00e7aise (UPF) <br>Adresse : [ins\u00e9rer l'adresse postale de l'UPF] <br>T\u00e9l\u00e9phone : [ins\u00e9rer le num\u00e9ro de t\u00e9l\u00e9phone de l'UPF] <br>Adresse e-mail : [ins\u00e9rer l'adresse e-mail de contact]<\/p> <p>Conception graphique et d\u00e9veloppements : <a href=\"https:\/\/www.redsoyu.com\" target=\"_blank\" rel=\"noopener\">Agence de communication REDSOYU<\/a><\/p> <h3><strong>2. Directeur de la publication<\/strong><\/h3> <p>Le directeur de la publication est :<\/p> <p>[Nom du directeur de la publication] <br>Titre : [titre ou fonction du directeur de la publication]<br>Adresse e-mail : [ins\u00e9rer l'adresse e-mail du directeur de la publication]<\/p> <h3><strong>3. H\u00e9bergeur du site<\/strong><\/h3> <p>Le Site est h\u00e9berg\u00e9 par :<\/p> <p>[Nom de l'h\u00e9bergeur] <br>Adresse : [ins\u00e9rer l'adresse de l'h\u00e9bergeur] <br>T\u00e9l\u00e9phone : [ins\u00e9rer le num\u00e9ro de t\u00e9l\u00e9phone de l'h\u00e9bergeur] <br>Adresse e-mail : [ins\u00e9rer l'adresse e-mail de l'h\u00e9bergeur]<\/p> <h3><strong>4. Propri\u00e9t\u00e9 intellectuelle<\/strong><\/h3> <p>L\u2019ensemble des contenus (textes, images, vid\u00e9os, logos, etc.) pr\u00e9sent\u00e9s sur le Site sont prot\u00e9g\u00e9s par les lois en vigueur sur la propri\u00e9t\u00e9 intellectuelle et sont la propri\u00e9t\u00e9 exclusive de l'UPF ou de ses partenaires. Toute reproduction, distribution, modification, adaptation, retransmission ou publication de ces contenus, m\u00eame partielle, est strictement interdite sans l\u2019accord pr\u00e9alable par \u00e9crit de l'UPF.<\/p> <h3><strong>5. Donn\u00e9es personnelles<\/strong><\/h3> <p>Pour plus d\u2019informations sur la mani\u00e8re dont nous traitons vos donn\u00e9es personnelles, veuillez consulter notre<a style=\"font-weight: bold;\" href=\"https:\/\/international.upf.pf\/politique-de-confidentialite\/\"> Politique de confidentialit\u00e9<\/a>.<\/p> <h3><strong>6. Cookies<\/strong><\/h3> <p>Le Site utilise des cookies pour am\u00e9liorer votre exp\u00e9rience utilisateur. Pour en savoir plus sur l\u2019utilisation des cookies et sur la mani\u00e8re de les d\u00e9sactiver, veuillez consulter notre <a style=\"font-weight: bold;\" href=\"https:\/\/international.upf.pf\/politique-de-confidentialite\/\">Politique de confidentialit\u00e9<\/a>.<\/p> <h3><strong>7. Liens hypertextes<\/strong><\/h3> <p>Le Site peut contenir des liens hypertextes vers d\u2019autres sites web. L'UPF ne peut \u00eatre tenue responsable du contenu de ces sites tiers ni des pratiques de confidentialit\u00e9 de ces derniers.<\/p> <h3><strong>8. Responsabilit\u00e9<\/strong><\/h3> <p>L'UPF met tout en \u0153uvre pour offrir aux utilisateurs des informations et des outils disponibles et v\u00e9rifi\u00e9s, mais ne saurait \u00eatre tenue pour responsable des erreurs, d\u2019une absence de disponibilit\u00e9 des fonctionnalit\u00e9s ou de la pr\u00e9sence de virus sur son Site. L'UPF ne peut \u00eatre tenue responsable de tout dommage direct ou indirect r\u00e9sultant de l\u2019utilisation de ce Site ou de l\u2019impossibilit\u00e9 d\u2019y acc\u00e9der.<\/p> <h3><strong>9. Modification des mentions l\u00e9gales<\/strong><\/h3> <p>L'UPF se r\u00e9serve le droit de modifier les pr\u00e9sentes mentions l\u00e9gales \u00e0 tout moment. Les modifications prendront effet d\u00e8s leur publication sur le Site. Il est conseill\u00e9 de consulter r\u00e9guli\u00e8rement cette page pour prendre connaissance des \u00e9ventuelles mises \u00e0 jour.<\/p> <h3><strong>10. Droit applicable<\/strong><\/h3> <p>Les pr\u00e9sentes mentions l\u00e9gales sont r\u00e9gies par le droit fran\u00e7ais. Tout litige relatif \u00e0 leur interpr\u00e9tation et\/ou \u00e0 leur ex\u00e9cution rel\u00e8ve des tribunaux fran\u00e7ais.<\/p> <h3><strong>11. Nous contacter<\/strong><\/h3> <p>Pour toute question relative \u00e0 ces mentions l\u00e9gales, vous pouvez nous contacter \u00e0 l'adresse suivante :<\/p> <p>Universit\u00e9 de la Polyn\u00e9sie Fran\u00e7aise (UPF) <br>Adresse : [ins\u00e9rer l'adresse postale de l'UPF] <br>T\u00e9l\u00e9phone : [ins\u00e9rer le num\u00e9ro de t\u00e9l\u00e9phone de l'UPF] <br>Adresse e-mail : [ins\u00e9rer l'adresse e-mail de contact]<\/p> <p>\u00a0<\/p>","_links":{"self":[{"href":"https:\/\/international.upf.pf\/en\/wp-json\/wp\/v2\/pages\/3815","targetHints":{"allow":["GET"]}}],"collection":[{"href":"https:\/\/international.upf.pf\/en\/wp-json\/wp\/v2\/pages"}],"about":[{"href":"https:\/\/international.upf.pf\/en\/wp-json\/wp\/v2\/types\/page"}],"author":[{"embeddable":true,"href":"https:\/\/international.upf.pf\/en\/wp-json\/wp\/v2\/users\/1"}],"replies":[{"embeddable":true,"href":"https:\/\/international.upf.pf\/en\/wp-json\/wp\/v2\/comments?post=3815"}],"version-history":[{"count":2,"href":"https:\/\/international.upf.pf\/en\/wp-json\/wp\/v2\/pages\/3815\/revisions"}],"predecessor-version":[{"id":7045,"href":"https:\/\/international.upf.pf\/en\/wp-json\/wp\/v2\/pages\/3815\/revisions\/7045"}],"wp:attachment":[{"href":"https:\/\/international.upf.pf\/en\/wp-json\/wp\/v2\/media?parent=3815"}],"curies":[{"name":"wp","href":"https:\/\/api.w.org\/{rel}","templated":true}]}}