{"id":3816,"date":"2025-09-05T03:01:00","date_gmt":"2025-09-05T13:01:00","guid":{"rendered":"https:\/\/international.upf.pf\/?page_id=3816"},"modified":"2025-09-30T10:24:26","modified_gmt":"2025-09-30T20:24:26","slug":"notre-equipe","status":"publish","type":"page","link":"https:\/\/international.upf.pf\/en\/notre-equipe\/","title":{"rendered":"Our team"},"content":{"rendered":"<!--themify_builder_content-->\n<div id=\"themify_builder_content-3816\" data-postid=\"3816\" class=\"themify_builder_content themify_builder_content-3816 themify_builder tf_clear\">\n                    <div  data-css_id=\"fty6197\" data-sticky-active=\"{&quot;d&quot;:{&quot;stick&quot;:{&quot;v&quot;:&quot;97&quot;}}}\" data-lazy=\"1\" class=\"module_row themify_builder_row fullwidth tb_fty6197 tb_first tf_w\">\n                        <div class=\"row_inner col_align_top tb_col_count_1 tf_box tf_rel\">\n                        <div  data-lazy=\"1\" class=\"module_column tb-column col-full tb_iroi197 first\">\n                    <!-- module icon -->\n<div  class=\"module module-icon tb_rjyh197 espace   icon_horizontal tf_textc\" data-lazy=\"1\">\n            <div class=\"module-icon-item\">\n                            <a href=\"#equipe-ri\">\n                                                                                                            <span>The International Relations team<\/span>\n                                                                    <\/a>\n                    <\/div>\n            <div class=\"module-icon-item\">\n                            <a href=\"#nous-contacter\">\n                                                                                                            <span>Contact us<\/span>\n                                                                    <\/a>\n                    <\/div>\n    <\/div>\n<!-- \/module icon -->\n        <\/div>\n                        <\/div>\n        <\/div>\n                        <div  data-lazy=\"1\" class=\"module_row themify_builder_row breadcrumbs-over-image tb_maje243 tf_w\">\n                        <div class=\"row_inner col_align_top tb_col_count_1 tf_box tf_rel\">\n                        <div  data-lazy=\"1\" class=\"module_column tb-column col-full tb_gghe243 first\">\n                    <!-- module template_part -->\n<div  class=\"module module-layout-part tb_zexb243 \">\n    <div class=\"tb_layout_part_wrap tf_w\"><!--themify_builder_content-->\n    <div  class=\"themify_builder_content themify_builder_content-3962 themify_builder not_editable_builder in_the_loop\" data-postid=\"3962\">\n                        <div  data-lazy=\"1\" class=\"module_row themify_builder_row tb_zyhm70 tf_w\">\n                        <div class=\"row_inner col_align_top tb_col_count_1 tf_box tf_rel\">\n                        <div  data-lazy=\"1\" class=\"module_column tb-column col-full tb_7mpd70 first\">\n                    <!-- Breadcrumbs module -->\n<div  class=\"module module-breadcrumbs tb_c82970 breadcrumbs-upf\" data-lazy=\"1\">\n\t<nav role=\"navigation\" aria-label=\"Breadcrumbs\" class=\"tbp_breadcrumb_trail\"><ul class=\"tbp_trail_items\" itemscope itemtype=\"http:\/\/schema.org\/BreadcrumbList\"><meta name=\"numberOfItems\" content=\"1\" \/><meta name=\"itemListOrder\" content=\"Ascending\" \/><li itemprop=\"itemListElement\" itemscope itemtype=\"https:\/\/schema.org\/ListItem\" class=\"tbp_trail_item tbp_trail_end\"><a itemprop=\"item\" href=\"https:\/\/international.upf.pf\/en\/\" rel=\"home\"><span itemprop=\"name\">Accueil<\/span><\/a><meta itemprop=\"position\" content=\"1\" \/><\/li><\/ul><\/nav><\/div><!-- \/Breadcrumbs module -->\n        <\/div>\n                        <\/div>\n        <\/div>\n            <\/div>\n<!--\/themify_builder_content--><\/div>\n<\/div>\n<!-- \/module template_part -->        <\/div>\n                        <\/div>\n        <\/div>\n                        <div  data-anchor=\"equipe-ri\" data-lazy=\"1\" class=\"module_row themify_builder_row tb_has_section tb_section-equipe-ri tb_qzml958 tf_w\">\n                        <div class=\"row_inner col_align_top tb_col_count_1 tf_box tf_rel\">\n                        <div  data-lazy=\"1\" class=\"module_column tb-column col-full tb_q8s1958 first\">\n                    <!-- module text -->\n<div  class=\"module module-text tb_cquu958   \" data-lazy=\"1\">\n        <div  class=\"tb_text_wrap\">\n        <h2>The International Relations team<\/h2>    <\/div>\n<\/div>\n<!-- \/module text -->        <\/div>\n                        <\/div>\n        <\/div>\n                        <div  data-lazy=\"1\" class=\"module_row themify_builder_row tb_onrh314 tf_w\">\n                        <div class=\"row_inner col_align_top tb_col_count_1 tf_box tf_rel\">\n                        <div  data-lazy=\"1\" class=\"module_column tb-column col-full tb_2yi6315 first\">\n                    <!-- module image -->\n<div  class=\"module module-image tb_xjlg939 image-top   tf_mw\" data-lazy=\"1\">\n        <div class=\"image-wrap tf_rel tf_mw\">\n            <img loading=\"lazy\" decoding=\"async\" src=\"https:\/\/international.upf.pf\/wp-content\/uploads\/2025\/09\/Organigramme-SRI-2.png\" width=\"928\" height=\"904\" class=\"wp-post-image wp-image-7270\" title=\"Organigramme SRI\" alt=\"Organigramme SRI\">    \n        <\/div>\n    <!-- \/image-wrap -->\n    \n        <\/div>\n<!-- \/module image -->        <\/div>\n                        <\/div>\n        <\/div>\n                        <div  data-lazy=\"1\" class=\"module_row themify_builder_row tb_duaq978 tf_w\">\n                        <div class=\"row_inner col_align_top tb_col_count_1 tf_box tf_rel\">\n                        <div  data-lazy=\"1\" class=\"module_column tb-column col-full tb_xby7978 first\">\n                    <!-- module template_part -->\n<div  class=\"module module-layout-part tb_emp6801 \">\n    <div class=\"tb_layout_part_wrap tf_w\"><!--themify_builder_content-->\n    <div  class=\"themify_builder_content themify_builder_content-3960 themify_builder not_editable_builder in_the_loop\" data-postid=\"3960\">\n                        <div  data-anchor=\"nous-contacter\" data-lazy=\"1\" class=\"module_row themify_builder_row tb_has_section tb_section-nous-contacter tb_y47r723 tf_w\">\n                        <div class=\"row_inner col_align_top tb_col_count_1 tf_box tf_rel\">\n                        <div  data-lazy=\"1\" class=\"module_column tb-column col-full tb_lbbm723 first\">\n                    <!-- module text -->\n<div  class=\"module module-text tb_1mol723   \" data-lazy=\"1\">\n        <div  class=\"tb_text_wrap\">\n        <h2>Nous contacter <span class=\"reo-tahiti\">P\u0101pa&#8217;i mai, pi&#8217;i mai<\/span><\/h2>\n    <\/div>\n<\/div>\n<!-- \/module text -->        <\/div>\n                        <\/div>\n        <\/div>\n                        <div  data-lazy=\"1\" class=\"module_row themify_builder_row tb_3awe489 tf_w\">\n                        <div class=\"row_inner col_align_top tb_col_count_1 tf_box tf_rel\">\n                        <div  data-lazy=\"1\" class=\"module_column tb-column col-full tb_t8zk489 first\">\n                            <div  data-lazy=\"1\" class=\"module_subrow themify_builder_sub_row tf_w col_align_top tb_col_count_2 tb_ac2s489\">\n                <div  data-lazy=\"1\" class=\"module_column sub_column col4-2 tb_bff9489 first\">\n                    <!-- module text -->\n<div  class=\"module module-text tb_hxzq489   \" data-lazy=\"1\">\n        <div  class=\"tb_text_wrap\">\n        <h4>Localisation<\/h4>\n<p>B\u00e2timent E, 4\u00e8me \u00e9tage<\/p>\n<p><a href=\"https:\/\/www.upf.pf\/fr\/plans-dacces\">Plan de l&#8217;UPF\u00a0<\/a><\/p>    <\/div>\n<\/div>\n<!-- \/module text -->        <\/div>\n                    <div  data-lazy=\"1\" class=\"module_column sub_column col4-2 tb_av9m489 last\">\n                    <!-- module text -->\n<div  class=\"module module-text tb_zpsd489   \" data-lazy=\"1\">\n        <div  class=\"tb_text_wrap\">\n        <h4><span style=\"font-size: 1.1em; letter-spacing: 0.05em;\">Heures d\u2019ouverture<\/span><\/h4>\n<p>Lundi, Mardi et Jeudi : 8h00 &#8211; 11h30 \/ 13h &#8211; 16h30<br>Vendredi : 08h &#8211; 11h30<\/p>    <\/div>\n<\/div>\n<!-- \/module text -->        <\/div>\n                    <\/div>\n                <\/div>\n                        <\/div>\n        <\/div>\n                        <div  data-lazy=\"1\" class=\"module_row themify_builder_row tb_a11u741 tf_w\">\n                        <div class=\"row_inner col_align_top tb_col_count_1 tf_box tf_rel\">\n                        <div  data-lazy=\"1\" class=\"module_column tb-column col-full tb_8c3v741 first\">\n                    <!-- module icon -->\n<div  class=\"module module-icon tb_1qqi741    icon_horizontal \" data-lazy=\"1\">\n            <div class=\"module-icon-item\">\n                            <a href=\"tel:+689 40 80 39 61\">\n                                                                    <em class=\"tf_box\" style=\"color:#0064a5\"><svg  class=\"tf_fa tf-fas-square-phone\" aria-hidden=\"true\"><use href=\"#tf-fas-square-phone\"><\/use><\/svg><\/em>\n                                                                            <span> (+689) 40 80 39 61 <\/span>\n                                                                    <\/a>\n                    <\/div>\n            <div class=\"module-icon-item\">\n                            <a href=\"mailto:relations-internationales@upf.pf\">\n                                                                    <em class=\"tf_box\" style=\"color:#0064a5\"><svg  class=\"tf_fa tf-fas-envelope-square\" aria-hidden=\"true\"><use href=\"#tf-fas-envelope-square\"><\/use><\/svg><\/em>\n                                                                            <span>Email<\/span>\n                                                                    <\/a>\n                    <\/div>\n    <\/div>\n<!-- \/module icon -->\n        <\/div>\n                        <\/div>\n        <\/div>\n            <\/div>\n<!--\/themify_builder_content--><\/div>\n<\/div>\n<!-- \/module template_part -->        <\/div>\n                        <\/div>\n        <\/div>\n        <\/div>\n<!--\/themify_builder_content-->","protected":false},"excerpt":{"rendered":"<p>The International Relations team<\/p>\n","protected":false},"author":1,"featured_media":1184,"parent":0,"menu_order":0,"comment_status":"closed","ping_status":"closed","template":"","meta":{"footnotes":""},"class_list":["post-3816","page","type-page","status-publish","has-post-thumbnail","hentry","has-post-title","has-post-date","has-post-category","has-post-tag","has-post-comment","has-post-author",""],"aioseo_notices":[],"builder_content":"<a href=\"#equipe-ri\"> The International Relations team <\/a> <a href=\"#nous-contacter\"> Contact us <\/a>\n<h2>The International Relations team<\/h2>\n<img src=\"https:\/\/international.upf.pf\/wp-content\/uploads\/2025\/09\/Organigramme-SRI-2.png\" width=\"928\" height=\"904\" title=\"Organigramme SRI\" alt=\"Organigramme SRI\">","_links":{"self":[{"href":"https:\/\/international.upf.pf\/en\/wp-json\/wp\/v2\/pages\/3816","targetHints":{"allow":["GET"]}}],"collection":[{"href":"https:\/\/international.upf.pf\/en\/wp-json\/wp\/v2\/pages"}],"about":[{"href":"https:\/\/international.upf.pf\/en\/wp-json\/wp\/v2\/types\/page"}],"author":[{"embeddable":true,"href":"https:\/\/international.upf.pf\/en\/wp-json\/wp\/v2\/users\/1"}],"replies":[{"embeddable":true,"href":"https:\/\/international.upf.pf\/en\/wp-json\/wp\/v2\/comments?post=3816"}],"version-history":[{"count":12,"href":"https:\/\/international.upf.pf\/en\/wp-json\/wp\/v2\/pages\/3816\/revisions"}],"predecessor-version":[{"id":7275,"href":"https:\/\/international.upf.pf\/en\/wp-json\/wp\/v2\/pages\/3816\/revisions\/7275"}],"wp:featuredmedia":[{"embeddable":true,"href":"https:\/\/international.upf.pf\/en\/wp-json\/wp\/v2\/media\/1184"}],"wp:attachment":[{"href":"https:\/\/international.upf.pf\/en\/wp-json\/wp\/v2\/media?parent=3816"}],"curies":[{"name":"wp","href":"https:\/\/api.w.org\/{rel}","templated":true}]}}