{"id":3830,"date":"2024-03-26T01:28:30","date_gmt":"2024-03-26T11:28:30","guid":{"rendered":"https:\/\/international.upf.pf\/?page_id=3830"},"modified":"2025-09-23T16:53:08","modified_gmt":"2025-09-24T02:53:08","slug":"personnels-de-lupf","status":"publish","type":"page","link":"https:\/\/international.upf.pf\/en\/partir-a-letranger\/personnels-de-lupf\/","title":{"rendered":"UPF Staff"},"content":{"rendered":"<!--themify_builder_content-->\n<div id=\"themify_builder_content-3830\" data-postid=\"3830\" class=\"themify_builder_content themify_builder_content-3830 themify_builder tf_clear\">\n                    <div  data-lazy=\"1\" class=\"module_row themify_builder_row breadcrumbs-over-image tb_yqu6253 tb_first tf_w\">\n                        <div class=\"row_inner col_align_top tb_col_count_1 tf_box tf_rel\">\n                        <div  data-lazy=\"1\" class=\"module_column tb-column col-full tb_0epm253 first\">\n                    <!-- module template_part -->\n<div  class=\"module module-layout-part tb_634x253 \">\n    <div class=\"tb_layout_part_wrap tf_w\"><!--themify_builder_content-->\n    <div  class=\"themify_builder_content themify_builder_content-3962 themify_builder not_editable_builder in_the_loop\" data-postid=\"3962\">\n                        <div  data-lazy=\"1\" class=\"module_row themify_builder_row tb_zyhm70 tf_w\">\n                        <div class=\"row_inner col_align_top tb_col_count_1 tf_box tf_rel\">\n                        <div  data-lazy=\"1\" class=\"module_column tb-column col-full tb_7mpd70 first\">\n                    <!-- Breadcrumbs module -->\n<div  class=\"module module-breadcrumbs tb_c82970 breadcrumbs-upf\" data-lazy=\"1\">\n\t<nav role=\"navigation\" aria-label=\"Breadcrumbs\" class=\"tbp_breadcrumb_trail\"><ul class=\"tbp_trail_items\" itemscope itemtype=\"http:\/\/schema.org\/BreadcrumbList\"><meta name=\"numberOfItems\" content=\"1\" \/><meta name=\"itemListOrder\" content=\"Ascending\" \/><li itemprop=\"itemListElement\" itemscope itemtype=\"https:\/\/schema.org\/ListItem\" class=\"tbp_trail_item tbp_trail_end\"><a itemprop=\"item\" href=\"https:\/\/international.upf.pf\/en\/\" rel=\"home\"><span itemprop=\"name\">Accueil<\/span><\/a><meta itemprop=\"position\" content=\"1\" \/><\/li><\/ul><\/nav><\/div><!-- \/Breadcrumbs module -->\n        <\/div>\n                        <\/div>\n        <\/div>\n            <\/div>\n<!--\/themify_builder_content--><\/div>\n<\/div>\n<!-- \/module template_part -->        <\/div>\n                        <\/div>\n        <\/div>\n                        <div  data-lazy=\"1\" class=\"module_row themify_builder_row tb_fm20214 tf_w\">\n                        <div class=\"row_inner col_align_top tb_col_count_1 tf_box tf_rel\">\n                        <div  data-lazy=\"1\" class=\"module_column tb-column col-full tb_j33s214 first\">\n                    <!-- module text -->\n<div  class=\"module module-text tb_hns6214   \" data-lazy=\"1\">\n        <div  class=\"tb_text_wrap\">\n        <h2>Studying or Teaching in Europe<\/h2>    <\/div>\n<\/div>\n<!-- \/module text -->        <div  data-lazy=\"1\" class=\"module_subrow themify_builder_sub_row tf_w col_align_top tb_col_count_2 tb_tsip0\">\n                <div  data-lazy=\"1\" class=\"module_column sub_column col4-2 tb_h7vz0 first\">\n                    <!-- module image -->\n<div  class=\"module module-image tb_tnuk118 image-center   tf_mw\" data-lazy=\"1\">\n        <div class=\"image-wrap tf_rel tf_mw\">\n            <img loading=\"lazy\" decoding=\"async\" width=\"872\" height=\"470\" src=\"https:\/\/international.upf.pf\/wp-content\/uploads\/2024\/06\/personnel-upf.jpg\" class=\"wp-post-image wp-image-2139\" title=\"personnel-upf\" alt=\"personnel-upf\">    \n        <\/div>\n    <!-- \/image-wrap -->\n    \n        <\/div>\n<!-- \/module image -->        <\/div>\n                    <div  data-lazy=\"1\" class=\"module_column sub_column col4-2 tb_wwqa253 last\">\n                    <!-- module text -->\n<div  class=\"module module-text tb_jpbp294   \" data-lazy=\"1\">\n        <div  class=\"tb_text_wrap\">\n        <p data-start=\"73\" data-end=\"273\"><strong data-start=\"73\" data-end=\"192\">Would you like to take part in a training program within a European institution, company, or training organization?<\/strong><br data-start=\"192\" data-end=\"195\">Are you interested in teaching at one of our partner universities in Europe?<\/p>\n<p data-start=\"275\" data-end=\"490\">The Erasmus+ training and teaching programs are designed for you! These initiatives promote knowledge exchange, professional development, and international mobility, offering you a unique and rewarding experience.<\/p>\n<p data-start=\"492\" data-end=\"686\">As teaching or administrative staff (both permanent and contractual) at UPF, you have the opportunity to undertake training or teaching assignments in Europe for a maximum duration of 10 days.<\/p>    <\/div>\n<\/div>\n<!-- \/module text -->        <\/div>\n                    <\/div>\n                <\/div>\n                        <\/div>\n        <\/div>\n                        <div  data-lazy=\"1\" class=\"module_row themify_builder_row tb_fzje239 tf_w\">\n                        <div class=\"row_inner col_align_top tb_col_count_1 tf_box tf_rel\">\n                        <div  data-lazy=\"1\" class=\"module_column tb-column col-full tb_tyq9239 first\">\n                    <!-- module text -->\n<div  class=\"module module-text tb_hvie239   \" data-lazy=\"1\">\n        <div  class=\"tb_text_wrap\">\n        <p data-start=\"71\" data-end=\"148\"><strong data-start=\"71\" data-end=\"146\">By taking part in a training or teaching mobility, you will be able to:<\/strong><\/p>\n<ul data-start=\"150\" data-end=\"799\">\n<li data-start=\"150\" data-end=\"329\">\n<p data-start=\"152\" data-end=\"329\"><strong data-start=\"152\" data-end=\"179\">Develop professionally:<\/strong> Acquire new skills, explore innovative teaching or management methods, share your expertise, and become familiar with best practices in your field.<\/p>\n<\/li>\n<li data-start=\"330\" data-end=\"466\">\n<p data-start=\"332\" data-end=\"466\"><strong data-start=\"332\" data-end=\"358\">Broaden your horizons:<\/strong> Gain new perspectives by attending courses, seminars, and conferences organized by European institutions.<\/p>\n<\/li>\n<li data-start=\"467\" data-end=\"657\">\n<p data-start=\"469\" data-end=\"657\"><strong data-start=\"469\" data-end=\"498\">Strengthen your networks:<\/strong> Build professional and personal connections with colleagues from around the world, potentially leading to future collaborations, exchanges, or partnerships.<\/p>\n<\/li>\n<li data-start=\"658\" data-end=\"799\">\n<p data-start=\"660\" data-end=\"799\"><strong data-start=\"660\" data-end=\"705\">Experience unique intercultural exchange:<\/strong> Improve your intercultural communication skills and discover new cultures and ways of life.<\/p>\n<\/li>\n<\/ul>    <\/div>\n<\/div>\n<!-- \/module text -->        <\/div>\n                        <\/div>\n        <\/div>\n                        <div  data-lazy=\"1\" class=\"module_row themify_builder_row tb_zgph50 tf_w\">\n                        <div class=\"row_inner col_align_middle tb_col_count_2 tf_box tf_rel\">\n                        <div  data-lazy=\"1\" class=\"module_column tb-column col4-2 tb_ofvn51 first\">\n                    <!-- module text -->\n<div  class=\"module module-text tb_ed62239   \" data-lazy=\"1\">\n        <div  class=\"tb_text_wrap\">\n        <p data-start=\"65\" data-end=\"93\"><strong data-start=\"65\" data-end=\"91\">Application Deadlines:<\/strong><\/p>\n<p>\u00a0<\/p>\n<ul data-start=\"95\" data-end=\"205\">\n<li data-start=\"95\" data-end=\"147\">\n<p style=\"text-align: left;\" data-start=\"97\" data-end=\"147\">For departure in the <strong data-start=\"118\" data-end=\"136\">first semester<\/strong>: June 30<\/p>\n<\/li>\n<li data-start=\"148\" data-end=\"205\">\n<p style=\"text-align: left;\" data-start=\"150\" data-end=\"205\">For departure in the <strong data-start=\"171\" data-end=\"190\">second semester<\/strong>: November 30<\/p>\n<\/li>\n<\/ul>    <\/div>\n<\/div>\n<!-- \/module text -->        <\/div>\n                    <div  data-lazy=\"1\" class=\"module_column tb-column col4-2 tb_reva835 last\">\n                            <div  data-lazy=\"1\" class=\"module_subrow themify_builder_sub_row tf_w col_align_top tb_col_count_1 tb_zea5835\">\n                <div  data-lazy=\"1\" class=\"module_column sub_column col-full tb_h3oy835 first\">\n                    <!-- module template_part -->\n<div  class=\"module module-layout-part tb_bnez835 \">\n    <div class=\"tb_layout_part_wrap tf_w\"><!--themify_builder_content-->\n    <div  class=\"themify_builder_content themify_builder_content-3929 themify_builder not_editable_builder in_the_loop\" data-postid=\"3929\">\n                        <div  data-lazy=\"1\" class=\"module_row themify_builder_row tb_p1hc005 tf_w\">\n                        <div class=\"row_inner col_align_top tb_col_count_1 tf_box tf_rel\">\n                        <div  data-lazy=\"1\" class=\"module_column tb-column col-full tb_cix9444 first\">\n                    <!-- module text -->\n<div  class=\"module module-text tb_hb01757   \" data-lazy=\"1\">\n        <div  class=\"tb_text_wrap\">\n        <p>Useful forms and links<\/p>    <\/div>\n<\/div>\n<!-- \/module text -->        <\/div>\n                        <\/div>\n        <\/div>\n            <\/div>\n<!--\/themify_builder_content--><\/div>\n<\/div>\n<!-- \/module template_part --><!-- module buttons -->\n<div  class=\"module module-buttons tb_ibpf835 buttons-horizontal solid   buttons-fullwidth\" data-lazy=\"1\">\n        <div class=\"module-buttons-item tf_in_flx\">\n                        <a href=\"https:\/\/www.canva.com\/design\/DAGJ7UIDukA\/vOkOpw3h8YMoLAJMwgixyQ\/view?utm_content=DAGJ7UIDukA&#038;utm_campaign=designshare&#038;utm_medium=link2&#038;utm_source=uniquelinks&#038;utlId=ha7c457853e\" class=\"ui builder_button tf_in_flx transparent\" target=\"_blank\" rel=\"noopener\">\n                                                Mobilit\u00e9 Erasmus+ formation                                        <\/a>\n                <\/div>\n            <\/div>\n<!-- \/module buttons -->\n<!-- module buttons -->\n<div  class=\"module module-buttons tb_r5dw835 buttons-horizontal solid   buttons-fullwidth\" data-lazy=\"1\">\n        <div class=\"module-buttons-item tf_in_flx\">\n                        <a href=\"https:\/\/www.canva.com\/design\/DAGJ7dw_qX0\/E_Bpcgo4_RoxhfWFLwTTbw\/view?utm_content=DAGJ7dw_qX0&#038;utm_campaign=designshare&#038;utm_medium=link2&#038;utm_source=uniquelinks&#038;utlId=hcd680dfdbf\" class=\"ui builder_button tf_in_flx transparent\" target=\"_blank\" rel=\"noopener\">\n                                                Mobilit\u00e9 Erasmus+ enseignement                                        <\/a>\n                <\/div>\n            <\/div>\n<!-- \/module buttons -->\n        <\/div>\n                    <\/div>\n                <\/div>\n                        <\/div>\n        <\/div>\n                        <div  data-lazy=\"1\" class=\"module_row themify_builder_row tb_citd897 tf_w\">\n                        <div class=\"row_inner col_align_middle tb_col_count_2 tf_box tf_rel\">\n                        <div  data-lazy=\"1\" class=\"module_column tb-column col4-2 tb_q6g5897 first\">\n                    <!-- module text -->\n<div  class=\"module module-text tb_k0bl897   \" data-lazy=\"1\">\n        <div  class=\"tb_text_wrap\">\n        <p style=\"text-align: left;\" data-start=\"76\" data-end=\"95\"><strong data-start=\"76\" data-end=\"93\">How to Apply:<\/strong><\/p>\n<div style=\"text-align: left;\">We have designed the attached procedure guide to support you in your application for an Erasmus+ outgoing mobility, whether for a teaching assignment or a training activity.<\/div>\n<div style=\"text-align: left;\">In this guide, you will find all the necessary information regarding eligibility criteria, application steps, funding opportunities, as well as the procedures to follow before, during, and after your mobility.<\/div>\n<div style=\"text-align: left;\">\u00a0<\/div>\n<p style=\"text-align: left;\" data-start=\"486\" data-end=\"565\">You can also download <a href=\"https:\/\/international.upf.pf\/wp-content\/uploads\/2025\/03\/Demande-dinscription-a-une-mobilite-denseignement-ou-formation_sortant.pdf\">the application form for teaching or training mobility.<\/a><\/p>\n<p style=\"text-align: left;\" data-start=\"567\" data-end=\"671\">We strongly encourage you to read this guide carefully in order to best prepare your mobility project.<\/p>    <\/div>\n<\/div>\n<!-- \/module text -->        <\/div>\n                    <div  data-lazy=\"1\" class=\"module_column tb-column col4-2 tb_orzv87 last\">\n                            <div  data-lazy=\"1\" class=\"module_subrow themify_builder_sub_row tf_w col_align_top tb_col_count_1 tb_slwi87\">\n                <div  data-lazy=\"1\" class=\"module_column sub_column col-full tb_9a4287 first\">\n                    <!-- module template_part -->\n<div  class=\"module module-layout-part tb_vw2387 \">\n    <div class=\"tb_layout_part_wrap tf_w\"><!--themify_builder_content-->\n    <div  class=\"themify_builder_content themify_builder_content-3929 themify_builder not_editable_builder in_the_loop\" data-postid=\"3929\">\n                        <div  data-lazy=\"1\" class=\"module_row themify_builder_row tb_p1hc005 tf_w\">\n                        <div class=\"row_inner col_align_top tb_col_count_1 tf_box tf_rel\">\n                        <div  data-lazy=\"1\" class=\"module_column tb-column col-full tb_cix9444 first\">\n                    <!-- module text -->\n<div  class=\"module module-text tb_hb01757   \" data-lazy=\"1\">\n        <div  class=\"tb_text_wrap\">\n        <p>Useful forms and links<\/p>    <\/div>\n<\/div>\n<!-- \/module text -->        <\/div>\n                        <\/div>\n        <\/div>\n            <\/div>\n<!--\/themify_builder_content--><\/div>\n<\/div>\n<!-- \/module template_part --><!-- module buttons -->\n<div  class=\"module module-buttons tb_l1h587 buttons-horizontal solid   buttons-fullwidth\" data-lazy=\"1\">\n        <div class=\"module-buttons-item tf_in_flx\">\n                        <a href=\"https:\/\/www.canva.com\/design\/DAGbpOjqfuE\/O8vbVXTHshPSSpO_I1Kp3g\/view?utm_content=DAGbpOjqfuE&#038;utm_campaign=designshare&#038;utm_medium=link2&#038;utm_source=uniquelinks&#038;utlId=h0bce9a6d10\" class=\"ui builder_button tf_in_flx transparent\" target=\"_blank\" rel=\"noopener\">\n                                                Proc\u00e9dure de candidature \u00e0 la mobilit\u00e9 Erasmus + du personnel                                        <\/a>\n                <\/div>\n            <\/div>\n<!-- \/module buttons -->\n<!-- module buttons -->\n<div  class=\"module module-buttons tb_dhd487 buttons-horizontal solid   buttons-fullwidth\" data-lazy=\"1\">\n        <div class=\"module-buttons-item tf_in_flx\">\n                        <a href=\"https:\/\/international.upf.pf\/wp-content\/uploads\/2025\/03\/Demande-dinscription-a-une-mobilite-denseignement-ou-formation_sortant.pdf\" class=\"ui builder_button tf_in_flx transparent\" target=\"_blank\" rel=\"noopener\">\n                                                Demande d'inscription \u00e0 une mobilit\u00e9 d'enseignement ou de formation                                        <\/a>\n                <\/div>\n            <\/div>\n<!-- \/module buttons -->\n        <\/div>\n                    <\/div>\n                <\/div>\n                        <\/div>\n        <\/div>\n                        <div  data-lazy=\"1\" class=\"module_row themify_builder_row tb_91s5651 tf_w\">\n                        <div class=\"row_inner col_align_top tb_col_count_1 tf_box tf_rel\">\n                        <div  data-lazy=\"1\" class=\"module_column tb-column col-full tb_b2va651 first\">\n                    <!-- module template_part -->\n<div  class=\"module module-layout-part tb_tt7m603 \">\n    <div class=\"tb_layout_part_wrap tf_w\"><!--themify_builder_content-->\n    <div  class=\"themify_builder_content themify_builder_content-3927 themify_builder not_editable_builder in_the_loop\" data-postid=\"3927\">\n                        <div  data-lazy=\"1\" class=\"module_row themify_builder_row tb_sdsc004 tf_w\">\n                        <div class=\"row_inner col_align_top tb_col_count_1 tf_box tf_rel\">\n                        <div  data-lazy=\"1\" class=\"module_column tb-column col-full tb_zs5j205 first\">\n                    <!-- module divider -->\n<div  class=\"module tf_mw module-divider tb_ia5m958 solid  divider-custom divider-center\" style=\"border-width: 1px;border-color: #0064a5;margin-top: 38px;margin-bottom: 40px;max-width: 1000px;\" data-lazy=\"1\">\n    <\/div>\n<!-- \/module divider -->\n<!-- module text -->\n<div  class=\"module module-text tb_mffp789   \" data-lazy=\"1\">\n        <div  class=\"tb_text_wrap\">\n        <p id=\"pages-connexes\" class=\"tb_toc_el\" data-is-set=\"true\">YOU ARE :<\/p>    <\/div>\n<\/div>\n<!-- \/module text -->        <\/div>\n                        <\/div>\n        <\/div>\n            <\/div>\n<!--\/themify_builder_content--><\/div>\n<\/div>\n<!-- \/module template_part -->        <\/div>\n                        <\/div>\n        <\/div>\n                        <div  data-lazy=\"1\" class=\"module_row themify_builder_row tb_of6y134 tf_w\">\n                        <div class=\"row_inner col_align_top gutter-narrow tb_col_count_3 tf_box tf_rel\">\n                        <div  data-lazy=\"1\" class=\"module_column tb-column col3-1 tb_lval134 first\">\n        <span class=\"builder_row_cover tf_abs\"><\/span>            <!-- module buttons -->\n<div  class=\"module module-buttons tb_rnml134 buttons-horizontal solid   buttons-fullwidth\" data-lazy=\"1\">\n        <div class=\"module-buttons-item tf_in_flx\">\n                        <a href=\"https:\/\/international.upf.pf\/partir-a-letranger\/doctorant\/\" class=\"ui builder_button tf_in_flx transparent\" >\n                                                Doctorants                                        <\/a>\n                <\/div>\n            <\/div>\n<!-- \/module buttons -->\n        <\/div>\n                    <div  data-lazy=\"1\" class=\"module_column tb-column col3-1 tb_kc53134\">\n        <span class=\"builder_row_cover tf_abs\"><\/span>            <!-- module buttons -->\n<div  class=\"module module-buttons tb_b99n511 buttons-horizontal solid   buttons-fullwidth\" data-lazy=\"1\">\n        <div class=\"module-buttons-item tf_in_flx\">\n                        <a href=\"https:\/\/international.upf.pf\/partir-a-letranger\/enseignants-chercheurs\/\" class=\"ui builder_button tf_in_flx transparent\" >\n                                                Enseignant-chercheurs                                        <\/a>\n                <\/div>\n            <\/div>\n<!-- \/module buttons -->\n        <\/div>\n                    <div  data-lazy=\"1\" class=\"module_column tb-column col3-1 tb_o1y6791 last\">\n        <span class=\"builder_row_cover tf_abs\"><\/span>            <!-- module buttons -->\n<div  class=\"module module-buttons tb_bz5p791 buttons-horizontal solid   buttons-fullwidth\" data-lazy=\"1\">\n        <div class=\"module-buttons-item tf_in_flx\">\n                        <a href=\"https:\/\/international.upf.pf\/partir-a-letranger\/etudiants\/\" class=\"ui builder_button tf_in_flx transparent\" >\n                                                \u00c9tudiants de l'UPF                                        <\/a>\n                <\/div>\n            <\/div>\n<!-- \/module buttons -->\n        <\/div>\n                        <\/div>\n        <\/div>\n        <\/div>\n<!--\/themify_builder_content-->","protected":false},"excerpt":{"rendered":"<p>Studying or Teaching in Europe<\/p>\n","protected":false},"author":1,"featured_media":1405,"parent":3819,"menu_order":0,"comment_status":"closed","ping_status":"closed","template":"","meta":{"footnotes":""},"class_list":["post-3830","page","type-page","status-publish","has-post-thumbnail","hentry","has-post-title","has-post-date","has-post-category","has-post-tag","has-post-comment","has-post-author",""],"aioseo_notices":[],"builder_content":"<h2>Studying or Teaching in Europe<\/h2>\n<img src=\"https:\/\/international.upf.pf\/wp-content\/uploads\/2024\/06\/personnel-upf.jpg\" title=\"personnel-upf\" alt=\"personnel-upf\">\n<p data-start=\"73\" data-end=\"273\"><strong data-start=\"73\" data-end=\"192\">Would you like to take part in a training program within a European institution, company, or training organization?<\/strong><br data-start=\"192\" data-end=\"195\">Are you interested in teaching at one of our partner universities in Europe?<\/p> <p data-start=\"275\" data-end=\"490\">The Erasmus+ training and teaching programs are designed for you! These initiatives promote knowledge exchange, professional development, and international mobility, offering you a unique and rewarding experience.<\/p> <p data-start=\"492\" data-end=\"686\">As teaching or administrative staff (both permanent and contractual) at UPF, you have the opportunity to undertake training or teaching assignments in Europe for a maximum duration of 10 days.<\/p>\n<p data-start=\"71\" data-end=\"148\"><strong data-start=\"71\" data-end=\"146\">By taking part in a training or teaching mobility, you will be able to:<\/strong><\/p> <ul data-start=\"150\" data-end=\"799\"> <li data-start=\"150\" data-end=\"329\"> <p data-start=\"152\" data-end=\"329\"><strong data-start=\"152\" data-end=\"179\">Develop professionally:<\/strong> Acquire new skills, explore innovative teaching or management methods, share your expertise, and become familiar with best practices in your field.<\/p> <\/li> <li data-start=\"330\" data-end=\"466\"> <p data-start=\"332\" data-end=\"466\"><strong data-start=\"332\" data-end=\"358\">Broaden your horizons:<\/strong> Gain new perspectives by attending courses, seminars, and conferences organized by European institutions.<\/p> <\/li> <li data-start=\"467\" data-end=\"657\"> <p data-start=\"469\" data-end=\"657\"><strong data-start=\"469\" data-end=\"498\">Strengthen your networks:<\/strong> Build professional and personal connections with colleagues from around the world, potentially leading to future collaborations, exchanges, or partnerships.<\/p> <\/li> <li data-start=\"658\" data-end=\"799\"> <p data-start=\"660\" data-end=\"799\"><strong data-start=\"660\" data-end=\"705\">Experience unique intercultural exchange:<\/strong> Improve your intercultural communication skills and discover new cultures and ways of life.<\/p> <\/li> <\/ul>\n<p data-start=\"65\" data-end=\"93\"><strong data-start=\"65\" data-end=\"91\">Application Deadlines:<\/strong><\/p> <p>\u00a0<\/p> <ul data-start=\"95\" data-end=\"205\"> <li data-start=\"95\" data-end=\"147\"> <p style=\"text-align: left;\" data-start=\"97\" data-end=\"147\">For departure in the <strong data-start=\"118\" data-end=\"136\">first semester<\/strong>: June 30<\/p> <\/li> <li data-start=\"148\" data-end=\"205\"> <p style=\"text-align: left;\" data-start=\"150\" data-end=\"205\">For departure in the <strong data-start=\"171\" data-end=\"190\">second semester<\/strong>: November 30<\/p> <\/li> <\/ul>\n<a href=\"https:\/\/www.canva.com\/design\/DAGJ7UIDukA\/vOkOpw3h8YMoLAJMwgixyQ\/view?utm_content=DAGJ7UIDukA&#038;utm_campaign=designshare&#038;utm_medium=link2&#038;utm_source=uniquelinks&#038;utlId=ha7c457853e\" target=\"_blank\" rel=\"noopener\"> Mobilit\u00e9 Erasmus+ formation <\/a>\n<a href=\"https:\/\/www.canva.com\/design\/DAGJ7dw_qX0\/E_Bpcgo4_RoxhfWFLwTTbw\/view?utm_content=DAGJ7dw_qX0&#038;utm_campaign=designshare&#038;utm_medium=link2&#038;utm_source=uniquelinks&#038;utlId=hcd680dfdbf\" target=\"_blank\" rel=\"noopener\"> Mobilit\u00e9 Erasmus+ enseignement <\/a>\n<p style=\"text-align: left;\" data-start=\"76\" data-end=\"95\"><strong data-start=\"76\" data-end=\"93\">How to Apply:<\/strong><\/p> We have designed the attached procedure guide to support you in your application for an Erasmus+ outgoing mobility, whether for a teaching assignment or a training activity. In this guide, you will find all the necessary information regarding eligibility criteria, application steps, funding opportunities, as well as the procedures to follow before, during, and after your mobility. \u00a0 <p style=\"text-align: left;\" data-start=\"486\" data-end=\"565\">You can also download <a href=\"https:\/\/international.upf.pf\/wp-content\/uploads\/2025\/03\/Demande-dinscription-a-une-mobilite-denseignement-ou-formation_sortant.pdf\">the application form for teaching or training mobility.<\/a><\/p> <p style=\"text-align: left;\" data-start=\"567\" data-end=\"671\">We strongly encourage you to read this guide carefully in order to best prepare your mobility project.<\/p>\n<a href=\"https:\/\/www.canva.com\/design\/DAGbpOjqfuE\/O8vbVXTHshPSSpO_I1Kp3g\/view?utm_content=DAGbpOjqfuE&#038;utm_campaign=designshare&#038;utm_medium=link2&#038;utm_source=uniquelinks&#038;utlId=h0bce9a6d10\" target=\"_blank\" rel=\"noopener\"> Proc\u00e9dure de candidature \u00e0 la mobilit\u00e9 Erasmus + du personnel <\/a>\n<a href=\"https:\/\/international.upf.pf\/wp-content\/uploads\/2025\/03\/Demande-dinscription-a-une-mobilite-denseignement-ou-formation_sortant.pdf\" target=\"_blank\" rel=\"noopener\"> Demande d'inscription \u00e0 une mobilit\u00e9 d'enseignement ou de formation <\/a>\n<a href=\"https:\/\/international.upf.pf\/partir-a-letranger\/doctorant\/\" > Doctorants <\/a>\n<a href=\"https:\/\/international.upf.pf\/partir-a-letranger\/enseignants-chercheurs\/\" > Enseignant-chercheurs <\/a>\n<a href=\"https:\/\/international.upf.pf\/partir-a-letranger\/etudiants\/\" > \u00c9tudiants de l'UPF <\/a>","_links":{"self":[{"href":"https:\/\/international.upf.pf\/en\/wp-json\/wp\/v2\/pages\/3830","targetHints":{"allow":["GET"]}}],"collection":[{"href":"https:\/\/international.upf.pf\/en\/wp-json\/wp\/v2\/pages"}],"about":[{"href":"https:\/\/international.upf.pf\/en\/wp-json\/wp\/v2\/types\/page"}],"author":[{"embeddable":true,"href":"https:\/\/international.upf.pf\/en\/wp-json\/wp\/v2\/users\/1"}],"replies":[{"embeddable":true,"href":"https:\/\/international.upf.pf\/en\/wp-json\/wp\/v2\/comments?post=3830"}],"version-history":[{"count":9,"href":"https:\/\/international.upf.pf\/en\/wp-json\/wp\/v2\/pages\/3830\/revisions"}],"predecessor-version":[{"id":7099,"href":"https:\/\/international.upf.pf\/en\/wp-json\/wp\/v2\/pages\/3830\/revisions\/7099"}],"up":[{"embeddable":true,"href":"https:\/\/international.upf.pf\/en\/wp-json\/wp\/v2\/pages\/3819"}],"wp:featuredmedia":[{"embeddable":true,"href":"https:\/\/international.upf.pf\/en\/wp-json\/wp\/v2\/media\/1405"}],"wp:attachment":[{"href":"https:\/\/international.upf.pf\/en\/wp-json\/wp\/v2\/media?parent=3830"}],"curies":[{"name":"wp","href":"https:\/\/api.w.org\/{rel}","templated":true}]}}