{"id":3835,"date":"2024-06-28T08:57:34","date_gmt":"2024-06-28T18:57:34","guid":{"rendered":"https:\/\/international.upf.pf\/participer-a-une-summer-school\/"},"modified":"2026-03-12T11:07:02","modified_gmt":"2026-03-12T21:07:02","slug":"participer-a-une-summer-school","status":"publish","type":"page","link":"https:\/\/international.upf.pf\/en\/partir-a-letranger\/etudiants-de-lupf\/participer-a-une-summer-school\/","title":{"rendered":"Summer School"},"content":{"rendered":"<!--themify_builder_content-->\n<div id=\"themify_builder_content-3835\" data-postid=\"3835\" class=\"themify_builder_content themify_builder_content-3835 themify_builder tf_clear\">\n                    <div  data-lazy=\"1\" class=\"module_row themify_builder_row breadcrumbs-over-image tb_o0qf918 tb_first tf_w\">\n                        <div class=\"row_inner col_align_top tb_col_count_1 tf_box tf_rel\">\n                        <div  data-lazy=\"1\" class=\"module_column tb-column col-full tb_flun918 first\">\n                    <!-- module template_part -->\n<div  class=\"module module-layout-part tb_wity918 \">\n    <div class=\"tb_layout_part_wrap tf_w\"><!--themify_builder_content-->\n    <div  class=\"themify_builder_content themify_builder_content-3962 themify_builder not_editable_builder in_the_loop\" data-postid=\"3962\">\n                        <div  data-lazy=\"1\" class=\"module_row themify_builder_row tb_zyhm70 tf_w\">\n                        <div class=\"row_inner col_align_top tb_col_count_1 tf_box tf_rel\">\n                        <div  data-lazy=\"1\" class=\"module_column tb-column col-full tb_7mpd70 first\">\n                    <!-- Breadcrumbs module -->\n<div  class=\"module module-breadcrumbs tb_c82970 breadcrumbs-upf\" data-lazy=\"1\">\n\t<nav role=\"navigation\" aria-label=\"Breadcrumbs\" class=\"tbp_breadcrumb_trail\"><ul class=\"tbp_trail_items\" itemscope itemtype=\"http:\/\/schema.org\/BreadcrumbList\"><meta name=\"numberOfItems\" content=\"1\" \/><meta name=\"itemListOrder\" content=\"Ascending\" \/><li itemprop=\"itemListElement\" itemscope itemtype=\"https:\/\/schema.org\/ListItem\" class=\"tbp_trail_item tbp_trail_end\"><a itemprop=\"item\" href=\"https:\/\/international.upf.pf\/en\/\" rel=\"home\"><span itemprop=\"name\">Accueil<\/span><\/a><meta itemprop=\"position\" content=\"1\" \/><\/li><\/ul><\/nav><\/div><!-- \/Breadcrumbs module -->\n        <\/div>\n                        <\/div>\n        <\/div>\n            <\/div>\n<!--\/themify_builder_content--><\/div>\n<\/div>\n<!-- \/module template_part -->        <\/div>\n                        <\/div>\n        <\/div>\n                        <div  data-css_id=\"henl599\" data-lazy=\"1\" class=\"module_row themify_builder_row fullwidth_row_container tb_henl599 tf_w\">\n                        <div class=\"row_inner col_align_top tb_col_count_1 tf_box tf_rel\">\n                        <div  data-lazy=\"1\" class=\"module_column tb-column col-full tb_w9fr599 first\">\n                    <!-- module template_part -->\n<div  class=\"module module-layout-part tb_929o574 \">\n    <div class=\"tb_layout_part_wrap tf_w\"><!--themify_builder_content-->\n    <div  class=\"themify_builder_content themify_builder_content-3938 themify_builder not_editable_builder in_the_loop\" data-postid=\"3938\">\n                        <div  data-css_id=\"o922564\" data-sticky-active=\"{&quot;d&quot;:{&quot;stick&quot;:{&quot;v&quot;:&quot;105&quot;}}}\" data-lazy=\"1\" class=\"module_row themify_builder_row fullwidth tb_o922564 tf_w\">\n                        <div class=\"row_inner col_align_top tb_col_count_1 tf_box tf_rel\">\n                        <div  data-lazy=\"1\" class=\"module_column tb-column col-full tb_nyjv564 first\">\n                    <!-- module menu -->\n<div  class=\"module module-menu tb_twl7564 second-menu mobile-menu-slide wow\" data-menu-style=\"mobile-menu-slide\" data-menu-breakpoint=\"0\" data-element-id=\"tb_twl7564\" data-tf-animation=\"fadeIn\" data-lazy=\"1\">\n        \n    \n<!-- UberMenu [Configuration:main] [Theme Loc:main-nav] [Integration:auto] -->\n<button class=\"ubermenu-responsive-toggle ubermenu-responsive-toggle-main ubermenu-skin-none ubermenu-loc-main-nav ubermenu-responsive-toggle-content-align-left ubermenu-responsive-toggle-align-full ubermenu-responsive-toggle-close-icon-times \" tabindex=\"0\" data-ubermenu-target=\"ubermenu-main-3-main-nav-2\"   aria-label=\"Toggle Layout Going abroad - EN\"><i class=\"fas fa-bars\" ><\/i>Menu<\/button><nav id=\"ubermenu-main-3-main-nav-2\" class=\"ubermenu ubermenu-nojs ubermenu-main ubermenu-menu-3 ubermenu-loc-main-nav ubermenu-responsive ubermenu-responsive-single-column ubermenu-responsive-single-column-subs ubermenu-responsive-default ubermenu-responsive-collapse ubermenu-horizontal ubermenu-transition-none ubermenu-trigger-click ubermenu-skin-none  ubermenu-bar-align-full ubermenu-items-align-auto ubermenu-disable-submenu-scroll ubermenu-retractors-responsive ubermenu-submenu-indicator-closes\"><ul id=\"ubermenu-nav-main-3-main-nav\" class=\"ubermenu-nav\" data-title=\"Main Menu \/ Ordinateur - FR\"><li id=\"menu-item-3903\" class=\"menu-item-page-3828 ubermenu-item ubermenu-item-type-post_type ubermenu-item-object-page ubermenu-item-3903 ubermenu-item-level-0 ubermenu-column ubermenu-column-auto\" ><a class=\"ubermenu-target ubermenu-item-layout-default ubermenu-item-layout-text_only\" href=\"https:\/\/international.upf.pf\/en\/partir-a-letranger\/etudiants-de-lupf\/partir-en-programme-dechanges\/\" tabindex=\"0\"><span class=\"ubermenu-target-title ubermenu-target-text\">Exchange program<\/span><\/a><\/li><li id=\"menu-item-3900\" class=\"menu-item-page-3851 ubermenu-item ubermenu-item-type-post_type ubermenu-item-object-page ubermenu-item-3900 ubermenu-item-level-0 ubermenu-column ubermenu-column-auto\" ><a class=\"ubermenu-target ubermenu-item-layout-default ubermenu-item-layout-text_only\" href=\"https:\/\/international.upf.pf\/en\/partir-a-letranger\/etudiants-de-lupf\/faire-un-stage-a-letranger\/\" tabindex=\"0\"><span class=\"ubermenu-target-title ubermenu-target-text\">Internship abroad<\/span><\/a><\/li><li id=\"menu-item-3901\" class=\"menu-item-page-3855 ubermenu-item ubermenu-item-type-post_type ubermenu-item-object-page ubermenu-item-3901 ubermenu-item-level-0 ubermenu-column ubermenu-column-auto\" ><a class=\"ubermenu-target ubermenu-item-layout-default ubermenu-item-layout-text_only\" href=\"https:\/\/international.upf.pf\/en\/partir-a-letranger\/etudiants-de-lupf\/financer-sa-mobilite\/\" tabindex=\"0\"><span class=\"ubermenu-target-title ubermenu-target-text\">Financing your mobility<\/span><\/a><\/li><li id=\"menu-item-3899\" class=\"menu-item-page-3847 ubermenu-item ubermenu-item-type-post_type ubermenu-item-object-page ubermenu-item-3899 ubermenu-item-level-0 ubermenu-column ubermenu-column-auto\" ><a class=\"ubermenu-target ubermenu-item-layout-default ubermenu-item-layout-text_only\" href=\"https:\/\/international.upf.pf\/en\/partir-a-letranger\/etudiants-de-lupf\/devenir-assistant-de-francais-a-letranger\/\" tabindex=\"0\"><span class=\"ubermenu-target-title ubermenu-target-text\">French language assistant<\/span><\/a><\/li><li id=\"menu-item-3902\" class=\"menu-item-page-3835 ubermenu-item ubermenu-item-type-post_type ubermenu-item-object-page ubermenu-item-3902 ubermenu-item-level-0 ubermenu-column ubermenu-column-auto\" ><a class=\"ubermenu-target ubermenu-item-layout-default ubermenu-item-layout-text_only\" href=\"https:\/\/international.upf.pf\/en\/partir-a-letranger\/etudiants-de-lupf\/participer-a-une-summer-school\/\" tabindex=\"0\"><span class=\"ubermenu-target-title ubermenu-target-text\">Summer school<\/span><\/a><\/li><li id=\"menu-item-3904\" class=\"menu-item-page-3829 ubermenu-item ubermenu-item-type-post_type ubermenu-item-object-page ubermenu-item-3904 ubermenu-item-level-0 ubermenu-column ubermenu-column-auto\" ><a class=\"ubermenu-target ubermenu-item-layout-default ubermenu-item-layout-text_only\" href=\"https:\/\/international.upf.pf\/en\/partir-a-letranger\/etudiants-de-lupf\/universites-partenaires\/\" tabindex=\"0\"><span class=\"ubermenu-target-title ubermenu-target-text\">Partner universities<\/span><\/a><\/li><\/ul><\/nav>\n<!-- End UberMenu -->\n        <style>\n            .mobile-menu-module[data-module=\"tb_twl7564\"]{\n                right:-300px            }\n        <\/style>\n    <\/div>\n<!-- \/module menu -->\n        <\/div>\n                        <\/div>\n        <\/div>\n            <\/div>\n<!--\/themify_builder_content--><\/div>\n<\/div>\n<!-- \/module template_part -->        <\/div>\n                        <\/div>\n        <\/div>\n                        <div  data-anchor=\"summerschool\" data-lazy=\"1\" class=\"module_row themify_builder_row tb_has_section tb_section-summerschool tb_dno4648 tf_w\">\n                        <div class=\"row_inner col_align_top tb_col_count_2 tf_box tf_rel\">\n                        <div  data-lazy=\"1\" class=\"module_column tb-column col4-2 tb_3qhi648 first\">\n                    <!-- module text -->\n<div  class=\"module module-text tb_ficd563   \" data-lazy=\"1\">\n        <div  class=\"tb_text_wrap\">\n        <h6 style=\"text-align: center;\"><strong>Vivez une exp\u00e9rience enrichissante gr\u00e2ce aux Summer\u00a0<\/strong><\/h6>\n<h6 style=\"text-align: center;\"><strong>Schools !\u00a0<\/strong><\/h6>\n<p>Vous souhaitez d\u00e9velopper des comp\u00e9tences en lien avec vos \u00e9tudes ou explorer de nouveaux domaines qui vous passionnent ? Participez \u00e0 une Summer School dans l\u2019une de nos universit\u00e9s partenaires pendant les vacances universitaires !<\/p>\n<p>Les Summer School sont une excellente opportunit\u00e9 pour :\u00a0<\/p>\n<p>\u2013 Approfondir vos connaissances dans un domaine sp\u00e9cifique<\/p>\n<p>\u2013 Explorer de nouvelles disciplines en lien avec vos int\u00e9r\u00eats personnels\u00a0<\/p>\n<p>\u2013 Am\u00e9liorer votre niveau de langue<\/p>\n<p>\u2013 D\u00e9couvrir une nouvelle culture et \u00e9largir vos horizons\u00a0<\/p>\n<p>C\u2019est une exp\u00e9rience \u00e0 la fois acad\u00e9mique, interculturelle et humaine.<\/p>\n<p>La participation \u00e0 une Summer School est payante. Certaines universit\u00e9s partenaires offrent des tarifs pr\u00e9f\u00e9rentiels aux \u00e9tudiants de l\u2019UPF gr\u00e2ce aux accords en place. Plusieurs programmes sont \u00e9galement propos\u00e9s en ligne, une alternative \u00e9conomique pour \u00e9viter les frais de voyage et d\u2019h\u00e9bergement. Pour plus de renseignements, \u00e9crivez-nous un mail et nous serions ravi de vous r\u00e9pondre !<\/p>    <\/div>\n<\/div>\n<!-- \/module text -->        <\/div>\n                    <div  data-lazy=\"1\" class=\"module_column tb-column col4-2 tb_id4p794 last\">\n                            <div  data-lazy=\"1\" class=\"module_subrow themify_builder_sub_row tf_w col_align_top tb_col_count_1 tb_ifa0220\">\n                <div  data-lazy=\"1\" class=\"module_column sub_column col-full tb_yw1r220 first\">\n                    <!-- module template_part -->\n<div  class=\"module module-layout-part tb_teky220 \">\n    <div class=\"tb_layout_part_wrap tf_w\"><!--themify_builder_content-->\n    <div  class=\"themify_builder_content themify_builder_content-3929 themify_builder not_editable_builder in_the_loop\" data-postid=\"3929\">\n                        <div  data-lazy=\"1\" class=\"module_row themify_builder_row tb_p1hc005 tf_w\">\n                        <div class=\"row_inner col_align_top tb_col_count_1 tf_box tf_rel\">\n                        <div  data-lazy=\"1\" class=\"module_column tb-column col-full tb_cix9444 first\">\n                    <!-- module text -->\n<div  class=\"module module-text tb_hb01757   \" data-lazy=\"1\">\n        <div  class=\"tb_text_wrap\">\n        <p>Useful forms and links<\/p>    <\/div>\n<\/div>\n<!-- \/module text -->        <\/div>\n                        <\/div>\n        <\/div>\n            <\/div>\n<!--\/themify_builder_content--><\/div>\n<\/div>\n<!-- \/module template_part --><!-- module buttons -->\n<div  class=\"module module-buttons tb_p6d4220 buttons-horizontal solid   buttons-fullwidth\" data-lazy=\"1\">\n        <div class=\"module-buttons-item tf_in_flx\">\n                        <a href=\"https:\/\/www.canva.com\/design\/DAGJ7c5BXV0\/XZAg3mfj_OecfZx4mqa4cg\/view\" class=\"ui builder_button tf_in_flx transparent\" >\n                                                Pr\u00e9sentation des Summer school_2023                                        <\/a>\n                <\/div>\n            <\/div>\n<!-- \/module buttons -->\n        <\/div>\n                    <\/div>\n                <\/div>\n                        <\/div>\n        <\/div>\n        <\/div>\n<!--\/themify_builder_content-->","protected":false},"excerpt":{"rendered":"<p>Vivez une exp\u00e9rience enrichissante gr\u00e2ce aux Summer\u00a0 Schools !\u00a0 Vous souhaitez d\u00e9velopper des comp\u00e9tences en lien avec vos \u00e9tudes ou explorer de nouveaux domaines qui vous passionnent ? Participez \u00e0 une Summer School dans l\u2019une de nos universit\u00e9s partenaires pendant les vacances universitaires ! Les Summer School sont une excellente opportunit\u00e9 pour :\u00a0 \u2013 Approfondir [&hellip;]<\/p>\n","protected":false},"author":1,"featured_media":4731,"parent":3822,"menu_order":0,"comment_status":"closed","ping_status":"closed","template":"","meta":{"footnotes":""},"class_list":["post-3835","page","type-page","status-publish","has-post-thumbnail","hentry","has-post-title","has-post-date","has-post-category","has-post-tag","has-post-comment","has-post-author",""],"aioseo_notices":[],"builder_content":"<h6 style=\"text-align: center;\"><strong>Vivez une exp\u00e9rience enrichissante gr\u00e2ce aux Summer\u00a0<\/strong><\/h6> <h6 style=\"text-align: center;\"><strong>Schools !\u00a0<\/strong><\/h6> <p>Vous souhaitez d\u00e9velopper des comp\u00e9tences en lien avec vos \u00e9tudes ou explorer de nouveaux domaines qui vous passionnent ? Participez \u00e0 une Summer School dans l\u2019une de nos universit\u00e9s partenaires pendant les vacances universitaires !<\/p> <p>Les Summer School sont une excellente opportunit\u00e9 pour :\u00a0<\/p> <p>\u2013 Approfondir vos connaissances dans un domaine sp\u00e9cifique<\/p> <p>\u2013 Explorer de nouvelles disciplines en lien avec vos int\u00e9r\u00eats personnels\u00a0<\/p> <p>\u2013 Am\u00e9liorer votre niveau de langue<\/p> <p>\u2013 D\u00e9couvrir une nouvelle culture et \u00e9largir vos horizons\u00a0<\/p> <p>C\u2019est une exp\u00e9rience \u00e0 la fois acad\u00e9mique, interculturelle et humaine.<\/p> <p>La participation \u00e0 une Summer School est payante. Certaines universit\u00e9s partenaires offrent des tarifs pr\u00e9f\u00e9rentiels aux \u00e9tudiants de l\u2019UPF gr\u00e2ce aux accords en place. Plusieurs programmes sont \u00e9galement propos\u00e9s en ligne, une alternative \u00e9conomique pour \u00e9viter les frais de voyage et d\u2019h\u00e9bergement. Pour plus de renseignements, \u00e9crivez-nous un mail et nous serions ravi de vous r\u00e9pondre !<\/p>\n<a href=\"https:\/\/www.canva.com\/design\/DAGJ7c5BXV0\/XZAg3mfj_OecfZx4mqa4cg\/view\" > Pr\u00e9sentation des Summer school_2023 <\/a>","_links":{"self":[{"href":"https:\/\/international.upf.pf\/en\/wp-json\/wp\/v2\/pages\/3835","targetHints":{"allow":["GET"]}}],"collection":[{"href":"https:\/\/international.upf.pf\/en\/wp-json\/wp\/v2\/pages"}],"about":[{"href":"https:\/\/international.upf.pf\/en\/wp-json\/wp\/v2\/types\/page"}],"author":[{"embeddable":true,"href":"https:\/\/international.upf.pf\/en\/wp-json\/wp\/v2\/users\/1"}],"replies":[{"embeddable":true,"href":"https:\/\/international.upf.pf\/en\/wp-json\/wp\/v2\/comments?post=3835"}],"version-history":[{"count":16,"href":"https:\/\/international.upf.pf\/en\/wp-json\/wp\/v2\/pages\/3835\/revisions"}],"predecessor-version":[{"id":7651,"href":"https:\/\/international.upf.pf\/en\/wp-json\/wp\/v2\/pages\/3835\/revisions\/7651"}],"up":[{"embeddable":true,"href":"https:\/\/international.upf.pf\/en\/wp-json\/wp\/v2\/pages\/3822"}],"wp:featuredmedia":[{"embeddable":true,"href":"https:\/\/international.upf.pf\/en\/wp-json\/wp\/v2\/media\/4731"}],"wp:attachment":[{"href":"https:\/\/international.upf.pf\/en\/wp-json\/wp\/v2\/media?parent=3835"}],"curies":[{"name":"wp","href":"https:\/\/api.w.org\/{rel}","templated":true}]}}