{"id":8253,"date":"2025-06-23T12:56:25","date_gmt":"2025-06-23T22:56:25","guid":{"rendered":"https:\/\/international.upf.pf\/?page_id=8253"},"modified":"2026-04-15T11:31:56","modified_gmt":"2026-04-15T21:31:56","slug":"sortante","status":"publish","type":"page","link":"https:\/\/international.upf.pf\/en\/sortante\/","title":{"rendered":"T\u00e9moignage &#8211; Partir \u00e0 l&#8217;\u00e9tranger"},"content":{"rendered":"<!--themify_builder_content-->\n<div id=\"themify_builder_content-8253\" data-postid=\"8253\" class=\"themify_builder_content themify_builder_content-8253 themify_builder tf_clear\">\n                    <div  data-lazy=\"1\" class=\"module_row themify_builder_row tb_h9gf523 tb_first tf_w\">\n                        <div class=\"row_inner col_align_top tb_col_count_1 tf_box tf_rel\">\n                        <div  data-lazy=\"1\" class=\"module_column tb-column col-full tb_bmcc523 first\">\n                    <!-- module template_part -->\n<div  class=\"module module-layout-part tb_fteu23 \">\n    <div class=\"tb_layout_part_wrap tf_w\"><!--themify_builder_content-->\n    <div  class=\"themify_builder_content themify_builder_content-3962 themify_builder not_editable_builder in_the_loop\" data-postid=\"3962\">\n                        <div  data-lazy=\"1\" class=\"module_row themify_builder_row tb_zyhm70 tf_w\">\n                        <div class=\"row_inner col_align_top tb_col_count_1 tf_box tf_rel\">\n                        <div  data-lazy=\"1\" class=\"module_column tb-column col-full tb_7mpd70 first\">\n                    <!-- Breadcrumbs module -->\n<div  class=\"module module-breadcrumbs tb_c82970 breadcrumbs-upf\" data-lazy=\"1\">\n\t<nav role=\"navigation\" aria-label=\"Breadcrumbs\" class=\"tbp_breadcrumb_trail\"><ul class=\"tbp_trail_items\" itemscope itemtype=\"http:\/\/schema.org\/BreadcrumbList\"><meta name=\"numberOfItems\" content=\"1\" \/><meta name=\"itemListOrder\" content=\"Ascending\" \/><li itemprop=\"itemListElement\" itemscope itemtype=\"https:\/\/schema.org\/ListItem\" class=\"tbp_trail_item tbp_trail_end\"><a itemprop=\"item\" href=\"https:\/\/international.upf.pf\/en\/\" rel=\"home\"><span itemprop=\"name\">Accueil<\/span><\/a><meta itemprop=\"position\" content=\"1\" \/><\/li><\/ul><\/nav><\/div><!-- \/Breadcrumbs module -->\n        <\/div>\n                        <\/div>\n        <\/div>\n            <\/div>\n<!--\/themify_builder_content--><\/div>\n<\/div>\n<!-- \/module template_part -->        <\/div>\n                        <\/div>\n        <\/div>\n                        <div  data-lazy=\"1\" class=\"module_row themify_builder_row tb_6t41761 tf_w\">\n                        <div class=\"row_inner col_align_top tb_col_count_1 tf_box tf_rel\">\n                        <div  data-lazy=\"1\" class=\"module_column tb-column col-full tb_0sa3761 first\">\n                    <!-- module template_part -->\n<div  class=\"module module-layout-part tb_n7ui95 \">\n    <div class=\"tb_layout_part_wrap tf_w\"><!--themify_builder_content-->\n    <div  class=\"themify_builder_content themify_builder_content-6051 themify_builder not_editable_builder in_the_loop\" data-postid=\"6051\">\n                        <div  data-css_id=\"ouy6006\" data-sticky-active=\"{&quot;d&quot;:{&quot;stick&quot;:{&quot;v&quot;:&quot;105&quot;}}}\" data-lazy=\"1\" class=\"module_row themify_builder_row fullwidth tb_ouy6006 tf_w\">\n                        <div class=\"row_inner col_align_top tb_col_count_1 tf_box tf_rel\">\n                        <div  data-lazy=\"1\" class=\"module_column tb-column col-full tb_ldyg600 first\">\n                    <!-- module menu -->\n<div  class=\"module module-menu tb_ynm6005 second-menu mobile-menu-slide wow\" data-menu-style=\"mobile-menu-slide\" data-menu-breakpoint=\"0\" data-element-id=\"tb_ynm6005\" data-tf-animation=\"fadeIn\" data-lazy=\"1\">\n        \n    \n<!-- UberMenu [Configuration:main] [Theme Loc:main-nav] [Integration:auto] -->\n<button class=\"ubermenu-responsive-toggle ubermenu-responsive-toggle-main ubermenu-skin-none ubermenu-loc-main-nav ubermenu-responsive-toggle-content-align-left ubermenu-responsive-toggle-align-full ubermenu-responsive-toggle-close-icon-times \" tabindex=\"0\" data-ubermenu-target=\"ubermenu-main-3-main-nav-2\"   aria-label=\"Toggle Layout T\u00e9moignages - FR\"><i class=\"fas fa-bars\" ><\/i>Menu<\/button><nav id=\"ubermenu-main-3-main-nav-2\" class=\"ubermenu ubermenu-nojs ubermenu-main ubermenu-menu-3 ubermenu-loc-main-nav ubermenu-responsive ubermenu-responsive-single-column ubermenu-responsive-single-column-subs ubermenu-responsive-default ubermenu-responsive-collapse ubermenu-horizontal ubermenu-transition-none ubermenu-trigger-click ubermenu-skin-none  ubermenu-bar-align-full ubermenu-items-align-auto ubermenu-disable-submenu-scroll ubermenu-retractors-responsive ubermenu-submenu-indicator-closes\"><ul id=\"ubermenu-nav-main-3-main-nav\" class=\"ubermenu-nav\" data-title=\"Main Menu \/ Ordinateur - FR\"><li id=\"menu-item-6076\" class=\"menu-item-page-8253 ubermenu-item ubermenu-item-type-post_type ubermenu-item-object-page ubermenu-item-6076 ubermenu-item-level-0 ubermenu-column ubermenu-column-auto\" ><a class=\"ubermenu-target ubermenu-item-layout-default ubermenu-item-layout-text_only\" href=\"https:\/\/international.upf.pf\/temoignages\/sortante\/\" tabindex=\"0\"><span class=\"ubermenu-target-title ubermenu-target-text\">T\u00e9moignage &#8211; Partir \u00e0 l&#8217;\u00e9tranger<\/span><\/a><\/li><\/ul><\/nav>\n<!-- End UberMenu -->\n        <style>\n            .mobile-menu-module[data-module=\"tb_ynm6005\"]{\n                right:-300px            }\n        <\/style>\n    <\/div>\n<!-- \/module menu -->\n        <\/div>\n                        <\/div>\n        <\/div>\n            <\/div>\n<!--\/themify_builder_content--><\/div>\n<\/div>\n<!-- \/module template_part -->        <\/div>\n                        <\/div>\n        <\/div>\n                        <div  data-lazy=\"1\" class=\"module_row themify_builder_row tb_peig19 tf_w\">\n                        <div class=\"row_inner col_align_top tb_col_count_1 tf_box tf_rel\">\n                        <div  data-lazy=\"1\" class=\"module_column tb-column col-full tb_mo7e19 first\">\n                    <!-- module text -->\n<div  class=\"module module-text tb_jz4d656   \" data-lazy=\"1\">\n        <div  class=\"tb_text_wrap\">\n        <h2>Les \u00e9tudiants et personnels de l&#8217;UPF t\u00e9moignent\u00a0<\/h2>    <\/div>\n<\/div>\n<!-- \/module text -->        <\/div>\n                        <\/div>\n        <\/div>\n                        <div  data-lazy=\"1\" class=\"module_row themify_builder_row tb_1ki5373 tf_w\">\n                        <div class=\"row_inner col_align_top tb_col_count_1 tf_box tf_rel\">\n                        <div  data-lazy=\"1\" class=\"module_column tb-column col-full tb_h066373 first\">\n                    <!-- module text -->\n<div  class=\"module module-text tb_37m4700   \" data-lazy=\"1\">\n        <div  class=\"tb_text_wrap\">\n        <p data-start=\"896\" data-end=\"1173\">D\u00e9couvrez les t\u00e9moignages des \u00e9tudiants de l\u2019Universit\u00e9 de la Polyn\u00e9sie fran\u00e7aise partis en mobilit\u00e9 \u00e0 l\u2019\u00e9tranger. Leurs r\u00e9cits mettent en lumi\u00e8re la diversit\u00e9 des exp\u00e9riences v\u00e9cues, entre immersion culturelle, nouvelles m\u00e9thodes d\u2019apprentissage et rencontres internationales.<\/p>\n<p data-start=\"1175\" data-end=\"1398\">Les t\u00e9moignages sont organis\u00e9s par zones g\u00e9ographiques (<strong data-start=\"1231\" data-end=\"1241\">Europe<\/strong> et <strong data-start=\"1245\" data-end=\"1260\">hors Europe<\/strong>) puis par pays, afin de vous permettre d\u2019explorer facilement les diff\u00e9rentes destinations et de vous projeter dans votre future mobilit\u00e9.<\/p>    <\/div>\n<\/div>\n<!-- \/module text -->        <\/div>\n                        <\/div>\n        <\/div>\n                        <div  data-lazy=\"1\" class=\"module_row themify_builder_row tb_7xul224 tf_w\">\n                        <div class=\"row_inner col_align_top gutter-narrow tb_col_count_3 tf_box tf_rel\">\n                        <div  data-lazy=\"1\" class=\"module_column tb-column col3-1 tb_qdnn224 first\">\n        <span class=\"builder_row_cover tf_abs\"><\/span>            <!-- module buttons -->\n<div  class=\"module module-buttons tb_n0sk224 buttons-horizontal solid   buttons-fullwidth\" data-lazy=\"1\">\n        <div class=\"module-buttons-item tf_in_flx\">\n                        <a href=\"https:\/\/international.upf.pf\/etudier-a-phnom-penh-lexperience-devan-au-cambodge\/\" class=\"ui builder_button tf_in_flx transparent\" >\n                                                AUSTRALIE                                        <\/a>\n                <\/div>\n            <\/div>\n<!-- \/module buttons -->\n        <\/div>\n                    <div  data-lazy=\"1\" class=\"module_column tb-column col3-1 tb_xxqr224\">\n        <span class=\"builder_row_cover tf_abs\"><\/span>            <!-- module buttons -->\n<div  class=\"module module-buttons tb_90bj224 buttons-horizontal solid   buttons-fullwidth\" data-lazy=\"1\">\n        <div class=\"module-buttons-item tf_in_flx\">\n                        <a href=\"https:\/\/international.upf.pf\/irlande-du-nord\/\" class=\"ui builder_button tf_in_flx transparent\" >\n                                                CAMBODGE                                        <\/a>\n                <\/div>\n            <\/div>\n<!-- \/module buttons -->\n        <\/div>\n                    <div  data-lazy=\"1\" class=\"module_column tb-column col3-1 tb_b2g6224 last\">\n        <span class=\"builder_row_cover tf_abs\"><\/span>            <!-- module buttons -->\n<div  class=\"module module-buttons tb_q99m224 buttons-horizontal solid   buttons-fullwidth\" data-lazy=\"1\">\n        <div class=\"module-buttons-item tf_in_flx\">\n                        <a href=\"https:\/\/international.upf.pf\/partir-a-letranger\/personnels-de-lupf\/\" class=\"ui builder_button tf_in_flx transparent\" >\n                                                CANADA                                        <\/a>\n                <\/div>\n            <\/div>\n<!-- \/module buttons -->\n        <\/div>\n                        <\/div>\n        <\/div>\n                        <div  data-lazy=\"1\" class=\"module_row themify_builder_row tb_igcf180 tf_w\">\n                        <div class=\"row_inner col_align_top gutter-narrow tb_col_count_3 tf_box tf_rel\">\n                        <div  data-lazy=\"1\" class=\"module_column tb-column col3-1 tb_hdhc180 first\">\n        <span class=\"builder_row_cover tf_abs\"><\/span>            <!-- module buttons -->\n<div  class=\"module module-buttons tb_k270180 buttons-horizontal solid   buttons-fullwidth\" data-lazy=\"1\">\n        <div class=\"module-buttons-item tf_in_flx\">\n                        <a href=\"https:\/\/international.upf.pf\/etudier-a-ulster-university-lexperience-dalice-et-tapairu-en-irlande-du-nord\/\" class=\"ui builder_button tf_in_flx transparent\" >\n                                                CHINE                                        <\/a>\n                <\/div>\n            <\/div>\n<!-- \/module buttons -->\n        <\/div>\n                    <div  data-lazy=\"1\" class=\"module_column tb-column col3-1 tb_ekwi180\">\n        <span class=\"builder_row_cover tf_abs\"><\/span>            <!-- module buttons -->\n<div  class=\"module module-buttons tb_peyy180 buttons-horizontal solid   buttons-fullwidth\" data-lazy=\"1\">\n        <div class=\"module-buttons-item tf_in_flx\">\n                        <a href=\"https:\/\/international.upf.pf\/etudier-au-vietnam-lexperience-de-kevin-et-massimo\/\" class=\"ui builder_button tf_in_flx transparent\" >\n                                                TA\u00cfWAN                                        <\/a>\n                <\/div>\n            <\/div>\n<!-- \/module buttons -->\n        <\/div>\n                    <div  data-lazy=\"1\" class=\"module_column tb-column col3-1 tb_ck5t180 last\">\n        <span class=\"builder_row_cover tf_abs\"><\/span>            <!-- module buttons -->\n<div  class=\"module module-buttons tb_zy6a180 buttons-horizontal solid   buttons-fullwidth\" data-lazy=\"1\">\n        <div class=\"module-buttons-item tf_in_flx\">\n                        <a href=\"https:\/\/international.upf.pf\/partir-a-letranger\/personnels-de-lupf\/\" class=\"ui builder_button tf_in_flx transparent\" >\n                                                VIETNAM                                        <\/a>\n                <\/div>\n            <\/div>\n<!-- \/module buttons -->\n        <\/div>\n                        <\/div>\n        <\/div>\n                        <div  data-lazy=\"1\" class=\"module_row themify_builder_row tb_2quw977 tf_w\">\n                        <div class=\"row_inner col_align_top gutter-narrow tb_col_count_3 tf_box tf_rel\">\n                        <div  data-lazy=\"1\" class=\"module_column tb-column col3-1 tb_kom6977 first\">\n        <span class=\"builder_row_cover tf_abs\"><\/span>            <!-- module buttons -->\n<div  class=\"module module-buttons tb_ewfm977 buttons-horizontal solid   buttons-fullwidth\" data-lazy=\"1\">\n        <div class=\"module-buttons-item tf_in_flx\">\n                        <a href=\"https:\/\/international.upf.pf\/etudier-a-ulster-university-lexperience-dalice-et-tapairu-en-irlande-du-nord\/\" class=\"ui builder_button tf_in_flx transparent\" >\n                                                ESPAGNE                                        <\/a>\n                <\/div>\n            <\/div>\n<!-- \/module buttons -->\n        <\/div>\n                    <div  data-lazy=\"1\" class=\"module_column tb-column col3-1 tb_9m7w977\">\n        <span class=\"builder_row_cover tf_abs\"><\/span>            <!-- module buttons -->\n<div  class=\"module module-buttons tb_3msw977 buttons-horizontal solid   buttons-fullwidth\" data-lazy=\"1\">\n        <div class=\"module-buttons-item tf_in_flx\">\n                        <a href=\"https:\/\/international.upf.pf\/etudier-au-vietnam-lexperience-de-kevin-et-massimo\/\" class=\"ui builder_button tf_in_flx transparent\" >\n                                                HONGRIE                                        <\/a>\n                <\/div>\n            <\/div>\n<!-- \/module buttons -->\n        <\/div>\n                    <div  data-lazy=\"1\" class=\"module_column tb-column col3-1 tb_2r3m977 last\">\n        <span class=\"builder_row_cover tf_abs\"><\/span>            <!-- module buttons -->\n<div  class=\"module module-buttons tb_et6a977 buttons-horizontal solid   buttons-fullwidth\" data-lazy=\"1\">\n        <div class=\"module-buttons-item tf_in_flx\">\n                        <a href=\"https:\/\/international.upf.pf\/partir-a-letranger\/personnels-de-lupf\/\" class=\"ui builder_button tf_in_flx transparent\" >\n                                                IRLANDE                                        <\/a>\n                <\/div>\n            <\/div>\n<!-- \/module buttons -->\n        <\/div>\n                        <\/div>\n        <\/div>\n                        <div  data-lazy=\"1\" class=\"module_row themify_builder_row tb_irj1743 tf_w\">\n                        <div class=\"row_inner col_align_top tb_col_count_1 tf_box tf_rel\">\n                        <div  data-lazy=\"1\" class=\"module_column tb-column col-full tb_al8m744 first\">\n                    <!-- module buttons -->\n<div  class=\"module module-buttons tb_xhg9968 buttons-horizontal solid  \" data-lazy=\"1\">\n        <div class=\"module-buttons-item tf_in_flx\">\n                        <a href=\"https:\/\/view.genially.com\/65cac9b07fe99200158c14be\" class=\"ui builder_button tf_in_flx light-blue\" >\n                                                Plus de t\u00e9moignages                                         <\/a>\n                <\/div>\n            <\/div>\n<!-- \/module buttons -->\n        <\/div>\n                        <\/div>\n        <\/div>\n                        <div  data-lazy=\"1\" class=\"module_row themify_builder_row tb_vkgb762 tf_w\">\n                        <div class=\"row_inner col_align_top tb_col_count_1 tf_box tf_rel\">\n                        <div  data-lazy=\"1\" class=\"module_column tb-column col-full tb_n4wo762 first\">\n                            <div  data-lazy=\"1\" class=\"module_subrow themify_builder_sub_row tf_w col_align_top tb_col_count_3 tb_nz0e693\">\n                <div  data-lazy=\"1\" class=\"module_column sub_column col3-1 tb_eyjk693 first\">\n                            <\/div>\n                    <div  data-lazy=\"1\" class=\"module_column sub_column col3-1 tb_b4rg693\">\n                            <\/div>\n                    <div  data-lazy=\"1\" class=\"module_column sub_column col3-1 tb_u0b4693 last\">\n                            <\/div>\n                    <\/div>\n                <\/div>\n                        <\/div>\n        <\/div>\n        <\/div>\n<!--\/themify_builder_content-->","protected":false},"excerpt":{"rendered":"<p>Les \u00e9tudiants et personnels de l&#8217;UPF t\u00e9moignent\u00a0<\/p>\n","protected":false},"author":3,"featured_media":8603,"parent":0,"menu_order":0,"comment_status":"closed","ping_status":"closed","template":"","meta":{"footnotes":""},"class_list":["post-8253","page","type-page","status-publish","has-post-thumbnail","hentry","has-post-title","has-post-date","has-post-category","has-post-tag","has-post-comment","has-post-author",""],"aioseo_notices":[],"builder_content":"<h2>Les \u00e9tudiants et personnels de l'UPF t\u00e9moignent\u00a0<\/h2>\n<p data-start=\"896\" data-end=\"1173\">D\u00e9couvrez les t\u00e9moignages des \u00e9tudiants de l\u2019Universit\u00e9 de la Polyn\u00e9sie fran\u00e7aise partis en mobilit\u00e9 \u00e0 l\u2019\u00e9tranger. Leurs r\u00e9cits mettent en lumi\u00e8re la diversit\u00e9 des exp\u00e9riences v\u00e9cues, entre immersion culturelle, nouvelles m\u00e9thodes d\u2019apprentissage et rencontres internationales.<\/p> <p data-start=\"1175\" data-end=\"1398\">Les t\u00e9moignages sont organis\u00e9s par zones g\u00e9ographiques (<strong data-start=\"1231\" data-end=\"1241\">Europe<\/strong> et <strong data-start=\"1245\" data-end=\"1260\">hors Europe<\/strong>) puis par pays, afin de vous permettre d\u2019explorer facilement les diff\u00e9rentes destinations et de vous projeter dans votre future mobilit\u00e9.<\/p>\n<a href=\"https:\/\/international.upf.pf\/etudier-a-phnom-penh-lexperience-devan-au-cambodge\/\" > AUSTRALIE <\/a>\n<a href=\"https:\/\/international.upf.pf\/irlande-du-nord\/\" > CAMBODGE <\/a>\n<a href=\"https:\/\/international.upf.pf\/partir-a-letranger\/personnels-de-lupf\/\" > CANADA <\/a>\n<a href=\"https:\/\/international.upf.pf\/etudier-a-ulster-university-lexperience-dalice-et-tapairu-en-irlande-du-nord\/\" > CHINE <\/a>\n<a href=\"https:\/\/international.upf.pf\/etudier-au-vietnam-lexperience-de-kevin-et-massimo\/\" > TA\u00cfWAN <\/a>\n<a href=\"https:\/\/international.upf.pf\/partir-a-letranger\/personnels-de-lupf\/\" > VIETNAM <\/a>\n<a href=\"https:\/\/international.upf.pf\/etudier-a-ulster-university-lexperience-dalice-et-tapairu-en-irlande-du-nord\/\" > ESPAGNE <\/a>\n<a href=\"https:\/\/international.upf.pf\/etudier-au-vietnam-lexperience-de-kevin-et-massimo\/\" > HONGRIE <\/a>\n<a href=\"https:\/\/international.upf.pf\/partir-a-letranger\/personnels-de-lupf\/\" > IRLANDE <\/a>\n<a href=\"https:\/\/view.genially.com\/65cac9b07fe99200158c14be\" > Plus de t\u00e9moignages <\/a>","_links":{"self":[{"href":"https:\/\/international.upf.pf\/en\/wp-json\/wp\/v2\/pages\/8253","targetHints":{"allow":["GET"]}}],"collection":[{"href":"https:\/\/international.upf.pf\/en\/wp-json\/wp\/v2\/pages"}],"about":[{"href":"https:\/\/international.upf.pf\/en\/wp-json\/wp\/v2\/types\/page"}],"author":[{"embeddable":true,"href":"https:\/\/international.upf.pf\/en\/wp-json\/wp\/v2\/users\/3"}],"replies":[{"embeddable":true,"href":"https:\/\/international.upf.pf\/en\/wp-json\/wp\/v2\/comments?post=8253"}],"version-history":[{"count":25,"href":"https:\/\/international.upf.pf\/en\/wp-json\/wp\/v2\/pages\/8253\/revisions"}],"predecessor-version":[{"id":8695,"href":"https:\/\/international.upf.pf\/en\/wp-json\/wp\/v2\/pages\/8253\/revisions\/8695"}],"wp:featuredmedia":[{"embeddable":true,"href":"https:\/\/international.upf.pf\/en\/wp-json\/wp\/v2\/media\/8603"}],"wp:attachment":[{"href":"https:\/\/international.upf.pf\/en\/wp-json\/wp\/v2\/media?parent=8253"}],"curies":[{"name":"wp","href":"https:\/\/api.w.org\/{rel}","templated":true}]}}